{"id":148,"date":"2022-08-01T20:44:53","date_gmt":"2022-08-01T18:44:53","guid":{"rendered":"https:\/\/sandranoelorthopedagogue.ca\/?page_id=148"},"modified":"2023-03-27T18:53:44","modified_gmt":"2023-03-27T16:53:44","slug":"temoignages","status":"publish","type":"page","link":"https:\/\/sandranoelorthopedagogue.ca\/?page_id=148","title":{"rendered":"T\u00e9moignages"},"content":{"rendered":"\t\t<div data-elementor-type=\"wp-page\" data-elementor-id=\"148\" class=\"elementor elementor-148\">\n\t\t\t\t\t\t<section class=\"elementor-section elementor-top-section elementor-element elementor-element-c0186a7 elementor-section-boxed elementor-section-height-default elementor-section-height-default exad-glass-effect-no exad-sticky-section-no\" data-id=\"c0186a7\" data-element_type=\"section\" data-e-type=\"section\">\n\t\t\t\t\t\t<div class=\"elementor-container elementor-column-gap-default\">\n\t\t\t\t\t<div class=\"elementor-column elementor-col-100 elementor-top-column elementor-element elementor-element-816c23a exad-glass-effect-no exad-sticky-section-no\" data-id=\"816c23a\" data-element_type=\"column\" data-e-type=\"column\">\n\t\t\t<div class=\"elementor-widget-wrap elementor-element-populated\">\n\t\t\t\t\t\t<div class=\"elementor-element elementor-element-d5c88dc exad-sticky-section-no exad-glass-effect-no elementor-widget elementor-widget-testimonial\" data-id=\"d5c88dc\" data-element_type=\"widget\" data-e-type=\"widget\" data-widget_type=\"testimonial.default\">\n\t\t\t\t<div class=\"elementor-widget-container\">\n\t\t\t\t\t\t\t<div class=\"elementor-testimonial-wrapper\">\n\t\t\t\t\t\t\t<div class=\"elementor-testimonial-content\"><p>J'ai d\u00e9but\u00e9 les cours avec Sandra au d\u00e9but du primaire lorsque j'avais de la difficult\u00e9 \u00e0 l'\u00e9cole. J'ai subi une multitude de tests pour ensuite \u00eatre diagnostiqu\u00e9 comme \u00e9tant dyslexique et dysorthographique. Lors du commencement de mes s\u00e9ances avec Sandra, j'avais un grand retard au niveau du fran\u00e7ais (orthographe, syntaxe...). Gr\u00e2ce \u00e0 l'aide de Sandra, j'ai \u00e9t\u00e9 en mesure de remonter la pente et d'\u00eatre \u00e9ventuellement au m\u00eame niveau que les autres \u00e9tudiants. Sandra est une personne tr\u00e8s patiente, amicale et dr\u00f4le. J'avais souvent de la difficult\u00e9 \u00e0 comprendre les nombreuses r\u00e8gles de la langue fran\u00e7aise, mais Sandra \u00e0 toujours su expliquer les concepts de plusieurs fa\u00e7ons et de mani\u00e8re stimulante. Cela a grandement facilit\u00e9 mon apprentissage. Je ne retiens que du positif de nos rencontres hebdomadaires. C'est gr\u00e2ce aux services de Sandra que j'ai r\u00e9ussi \u00e0 me rendre aussi loin dans mon cheminement scolaire. Je d\u00e9tiens maintenant un double baccalaur\u00e9at en administration des affaires, soit en comptabilit\u00e9 et en gestion des technologies de l'information en plus d'\u00eatre membre de l'ordre des CPA. Les le\u00e7ons de Sandra me sont toujours utiles \u00e0 ce jour, lors de mon travail. Je recommande ses services \u00e0 tous! <\/p><\/div>\n\t\t\t\n\t\t\t\t\t\t<div class=\"elementor-testimonial-meta elementor-has-image elementor-testimonial-image-position-aside\">\n\t\t\t\t<div class=\"elementor-testimonial-meta-inner\">\n\t\t\t\t\t\t\t\t\t\t\t<div class=\"elementor-testimonial-image\">\n\t\t\t\t\t\t\t<img decoding=\"async\" width=\"150\" height=\"150\" src=\"https:\/\/sandranoelorthopedagogue.ca\/wp-content\/uploads\/2022\/08\/j-150x150.jpg\" class=\"attachment-thumbnail size-thumbnail wp-image-964\" alt=\"\" srcset=\"https:\/\/sandranoelorthopedagogue.ca\/wp-content\/uploads\/2022\/08\/j-150x150.jpg 150w, https:\/\/sandranoelorthopedagogue.ca\/wp-content\/uploads\/2022\/08\/j-75x75.jpg 75w, https:\/\/sandranoelorthopedagogue.ca\/wp-content\/uploads\/2022\/08\/j.jpg 224w\" sizes=\"(max-width: 150px) 100vw, 150px\" \/>\t\t\t\t\t\t<\/div>\n\t\t\t\t\t\n\t\t\t\t\t\t\t\t\t\t<div class=\"elementor-testimonial-details\">\n\t\t\t\t\t\t\t\t\t\t\t\t\t\t<div class=\"elementor-testimonial-name\">Guillaume<\/div>\n\t\t\t\t\t\t\t\t\t\t\t\t\t\t\t\t\t\t\t\t\t\t<div class=\"elementor-testimonial-job\">Ancien \u00e9l\u00e8ve<\/div>\n\t\t\t\t\t\t\t\t\t\t\t\t\t<\/div>\n\t\t\t\t\t\t\t\t\t<\/div>\n\t\t\t<\/div>\n\t\t\t\t\t<\/div>\n\t\t\t\t\t\t<\/div>\n\t\t\t\t<\/div>\n\t\t\t\t<div class=\"elementor-element elementor-element-ada77b9 exad-sticky-section-no exad-glass-effect-no elementor-widget elementor-widget-testimonial\" data-id=\"ada77b9\" data-element_type=\"widget\" data-e-type=\"widget\" data-widget_type=\"testimonial.default\">\n\t\t\t\t<div class=\"elementor-widget-container\">\n\t\t\t\t\t\t\t<div class=\"elementor-testimonial-wrapper\">\n\t\t\t\t\t\t\t<div class=\"elementor-testimonial-content\"><p>J'avais des probl\u00e8mes avec mon \u00e9thique de travail, j\u2019avais de la difficult\u00e9 \u00e0 comprendre mes cours de math et \u00e0 structurer mes textes. Gr\u00e2ce \u00e0 Sandra, c'\u00e9tait plus facile pour moi d'organiser mes travaux scolaires et \u00e9viter d\u2019\u00e9chouer mon ann\u00e9e. Lorsque j'avais de la difficult\u00e9 \u00e0 comprendre certaines notions, elle prenait un temps suppl\u00e9mentaire avec moi pour \u00eatre s\u00fbre que j'ai compris.\nC'\u00e9tait \u00e9vident pour moi que Sandra \u00e9tait une enseignante qui valorisait <span style=\"text-decoration: underline\"> \u00e9norm\u00e9ment <\/span> mon succ\u00e8s scolaire et ce que j\u2019\u00e9tais en tant qu'individu. En effet, j'avais le privil\u00e8ge d'\u00eatre assist\u00e9 par Sandra m\u00eame quand j'\u00e9prouvais des probl\u00e8mes hors de l'\u00e9cole. \n\u00c0 ce jour, je suis tr\u00e8s appr\u00e9ciatif de ses services.<\/p>\n<\/div>\n\t\t\t\n\t\t\t\t\t\t<div class=\"elementor-testimonial-meta\">\n\t\t\t\t<div class=\"elementor-testimonial-meta-inner\">\n\t\t\t\t\t\n\t\t\t\t\t\t\t\t\t\t<div class=\"elementor-testimonial-details\">\n\t\t\t\t\t\t\t\t\t\t\t\t\t\t<div class=\"elementor-testimonial-name\">Andrew<\/div>\n\t\t\t\t\t\t\t\t\t\t\t\t\t\t\t\t\t\t\t\t\t\t<div class=\"elementor-testimonial-job\">Ancien \u00e9l\u00e8ve<\/div>\n\t\t\t\t\t\t\t\t\t\t\t\t\t<\/div>\n\t\t\t\t\t\t\t\t\t<\/div>\n\t\t\t<\/div>\n\t\t\t\t\t<\/div>\n\t\t\t\t\t\t<\/div>\n\t\t\t\t<\/div>\n\t\t\t\t<div class=\"elementor-element elementor-element-789ec60 exad-sticky-section-no exad-glass-effect-no elementor-widget elementor-widget-testimonial\" data-id=\"789ec60\" data-element_type=\"widget\" data-e-type=\"widget\" data-widget_type=\"testimonial.default\">\n\t\t\t\t<div class=\"elementor-widget-container\">\n\t\t\t\t\t\t\t<div class=\"elementor-testimonial-wrapper\">\n\t\t\t\t\t\t\t<div class=\"elementor-testimonial-content\"><p>Depuis le primaire, j'avais beaucoup de difficult\u00e9s (surtout en fran\u00e7ais). Sandra \u00e9tait toujours l\u00e0 avec moi et elle m'a donn\u00e9 plusieurs solutions \u00e0 mes probl\u00e8mes. Gr\u00e2ce \u00e0 elle, j'ai \u00e9t\u00e9 capable de passer mes mati\u00e8res et \u00e9viter de reprendre une ann\u00e9e. Elle a \u00e9t\u00e9 une prof et une psychologue pour moi. Toujours l\u00e0 pour aider et \u00e9couter les probl\u00e8mes que j'avais et me donner la confiance que j'avais de besoins pour \u00eatre capable de passer \u00e0 travers mes difficult\u00e9s \u00e0 l'\u00e9cole. <\/p><\/div>\n\t\t\t\n\t\t\t\t\t\t<div class=\"elementor-testimonial-meta\">\n\t\t\t\t<div class=\"elementor-testimonial-meta-inner\">\n\t\t\t\t\t\n\t\t\t\t\t\t\t\t\t\t<div class=\"elementor-testimonial-details\">\n\t\t\t\t\t\t\t\t\t\t\t\t\t\t<div class=\"elementor-testimonial-name\">Nemanja Saran<\/div>\n\t\t\t\t\t\t\t\t\t\t\t\t\t\t\t\t\t\t\t\t\t\t<div class=\"elementor-testimonial-job\">Ancien \u00e9l\u00e8ve<\/div>\n\t\t\t\t\t\t\t\t\t\t\t\t\t<\/div>\n\t\t\t\t\t\t\t\t\t<\/div>\n\t\t\t<\/div>\n\t\t\t\t\t<\/div>\n\t\t\t\t\t\t<\/div>\n\t\t\t\t<\/div>\n\t\t\t\t<div class=\"elementor-element elementor-element-014a7da exad-sticky-section-no exad-glass-effect-no elementor-widget elementor-widget-testimonial\" data-id=\"014a7da\" data-element_type=\"widget\" data-e-type=\"widget\" data-widget_type=\"testimonial.default\">\n\t\t\t\t<div class=\"elementor-widget-container\">\n\t\t\t\t\t\t\t<div class=\"elementor-testimonial-wrapper\">\n\t\t\t\t\t\t\t<div class=\"elementor-testimonial-content\"><p>Sandra m\u2019a beaucoup aid\u00e9 \u00e0 utiliser Word Q et mon laptop pour faire des textes. En g\u00e9n\u00e9ral, avec l\u2019aide de Sandra j\u2019ai \u00e9t\u00e9 capable de r\u00e9ussir mon ann\u00e9e.\n <\/p><\/div>\n\t\t\t\n\t\t\t\t\t\t<div class=\"elementor-testimonial-meta\">\n\t\t\t\t<div class=\"elementor-testimonial-meta-inner\">\n\t\t\t\t\t\n\t\t\t\t\t\t\t\t\t\t<div class=\"elementor-testimonial-details\">\n\t\t\t\t\t\t\t\t\t\t\t\t\t\t<div class=\"elementor-testimonial-name\">Alva<\/div>\n\t\t\t\t\t\t\t\t\t\t\t\t\t\t\t\t\t\t\t\t\t\t<div class=\"elementor-testimonial-job\">Ancien \u00e9l\u00e8ve<\/div>\n\t\t\t\t\t\t\t\t\t\t\t\t\t<\/div>\n\t\t\t\t\t\t\t\t\t<\/div>\n\t\t\t<\/div>\n\t\t\t\t\t<\/div>\n\t\t\t\t\t\t<\/div>\n\t\t\t\t<\/div>\n\t\t\t\t\t<\/div>\n\t\t<\/div>\n\t\t\t\t\t<\/div>\n\t\t<\/section>\n\t\t\t\t<section class=\"elementor-section elementor-top-section elementor-element elementor-element-e8bb929 elementor-section-boxed elementor-section-height-default elementor-section-height-default exad-glass-effect-no exad-sticky-section-no\" data-id=\"e8bb929\" data-element_type=\"section\" data-e-type=\"section\">\n\t\t\t\t\t\t<div class=\"elementor-container elementor-column-gap-default\">\n\t\t\t\t\t<div class=\"elementor-column elementor-col-100 elementor-top-column elementor-element elementor-element-a5a753c exad-glass-effect-no exad-sticky-section-no\" data-id=\"a5a753c\" data-element_type=\"column\" data-e-type=\"column\">\n\t\t\t<div class=\"elementor-widget-wrap elementor-element-populated\">\n\t\t\t\t\t\t<div class=\"elementor-element elementor-element-a2f65eb exad-sticky-section-no exad-glass-effect-no elementor-widget elementor-widget-testimonial\" data-id=\"a2f65eb\" data-element_type=\"widget\" data-e-type=\"widget\" data-widget_type=\"testimonial.default\">\n\t\t\t\t<div class=\"elementor-widget-container\">\n\t\t\t\t\t\t\t<div class=\"elementor-testimonial-wrapper\">\n\t\t\t\t\t\t\t<div class=\"elementor-testimonial-content\"><p>C\u2019est suite \u00e0 la recommandation d\u2019une amie, que j\u2019ai eu la chance de conna\u00eetre une tr\u00e8s bonne professionnelle comme Sandra. Depuis qu\u2019on a fait sa connaissance, elle a su nous captiver par son charisme et son professionnalisme. Par la suite, tout s\u2019est d\u00e9roul\u00e9 merveilleusement. Mon fils comprenait tout ce qu\u2019il ne comprenait pas bien \u00e0 l\u2019\u00e9cole, car Sandra prenait tout son temps pour bien lui expliquer! Nous \u00e9tions plus que satisfaits de sa patience et de son \u00e9coute. Je pense maintenant aux enfants qui pourront avoir la chance de b\u00e9n\u00e9ficier de cette pr\u00e9cieuse aide!\n<\/div>\n\t\t\t\n\t\t\t\t\t\t<div class=\"elementor-testimonial-meta\">\n\t\t\t\t<div class=\"elementor-testimonial-meta-inner\">\n\t\t\t\t\t\n\t\t\t\t\t\t\t\t\t\t<div class=\"elementor-testimonial-details\">\n\t\t\t\t\t\t\t\t\t\t\t\t\t\t<div class=\"elementor-testimonial-name\">Samantha<\/div>\n\t\t\t\t\t\t\t\t\t\t\t\t\t\t\t\t\t\t\t\t\t\t<div class=\"elementor-testimonial-job\">Parent<\/div>\n\t\t\t\t\t\t\t\t\t\t\t\t\t<\/div>\n\t\t\t\t\t\t\t\t\t<\/div>\n\t\t\t<\/div>\n\t\t\t\t\t<\/div>\n\t\t\t\t\t\t<\/div>\n\t\t\t\t<\/div>\n\t\t\t\t<div class=\"elementor-element elementor-element-ed47584 exad-sticky-section-no exad-glass-effect-no elementor-widget elementor-widget-testimonial\" data-id=\"ed47584\" data-element_type=\"widget\" data-e-type=\"widget\" data-widget_type=\"testimonial.default\">\n\t\t\t\t<div class=\"elementor-widget-container\">\n\t\t\t\t\t\t\t<div class=\"elementor-testimonial-wrapper\">\n\t\t\t\t\t\t\t<div class=\"elementor-testimonial-content\"><p>Nous avons eu le privil\u00e8ge de travailler avec Sandra pendant quelques ann\u00e9es pour nos deux enfants. Ce fut une exp\u00e9rience des plus enrichissantes et nous n\u2019avons que de bons mots \u00e0 l\u2019\u00e9gard de ses services. Elle est professionnelle, patiente et cr\u00e9ative dans son enseignement et elle respecte le rythme d\u2019apprentissage de chaque enfant, en mettant toujours en lumi\u00e8re leur plein potentiel. Elle a chang\u00e9 les vision des devoirs de nos enfants, ils ont pu voir leur utilit\u00e9 et m\u00eame les appr\u00e9cier!\nNous la  recommandons sans h\u00e9sitation \u00e0 tous les parents et enfants qui ont besoin d\u2019un petit coup de pouce suppl\u00e9mentaire pour bien r\u00e9ussir et s\u2019\u00e9panouir \u00e0 travers les \u00e9tudes.\n<\/div>\n\t\t\t\n\t\t\t\t\t\t<div class=\"elementor-testimonial-meta\">\n\t\t\t\t<div class=\"elementor-testimonial-meta-inner\">\n\t\t\t\t\t\n\t\t\t\t\t\t\t\t\t\t<div class=\"elementor-testimonial-details\">\n\t\t\t\t\t\t\t\t\t\t\t\t\t\t<div class=\"elementor-testimonial-name\">St\u00e9phanie D. et \u00c9ric T.<\/div>\n\t\t\t\t\t\t\t\t\t\t\t\t\t\t\t\t\t\t\t\t\t\t<div class=\"elementor-testimonial-job\">Parent<\/div>\n\t\t\t\t\t\t\t\t\t\t\t\t\t<\/div>\n\t\t\t\t\t\t\t\t\t<\/div>\n\t\t\t<\/div>\n\t\t\t\t\t<\/div>\n\t\t\t\t\t\t<\/div>\n\t\t\t\t<\/div>\n\t\t\t\t<div class=\"elementor-element elementor-element-b6a3bbf exad-sticky-section-no exad-glass-effect-no elementor-widget elementor-widget-testimonial\" data-id=\"b6a3bbf\" data-element_type=\"widget\" data-e-type=\"widget\" data-widget_type=\"testimonial.default\">\n\t\t\t\t<div class=\"elementor-widget-container\">\n\t\t\t\t\t\t\t<div class=\"elementor-testimonial-wrapper\">\n\t\t\t\t\t\t\t<div class=\"elementor-testimonial-content\"><p><span style=\"text-decoration: underline\">Excellents services offerts par Sandra No\u00ebl <\/span><br>\n \nPendant plusieurs ann\u00e9es, mes 2 enfants, ayant un trouble d\u2019apprentissage, ont re\u00e7u de l\u2019aide de Sandra. Toujours \u00e0 l\u2019\u00e9coute de leurs difficult\u00e9s, elle a su les encadrer et les outiller tout en respectant leur vitesse d\u2019apprentissage. \nMerci!\n<\/div>\n\t\t\t\n\t\t\t\t\t\t<div class=\"elementor-testimonial-meta\">\n\t\t\t\t<div class=\"elementor-testimonial-meta-inner\">\n\t\t\t\t\t\n\t\t\t\t\t\t\t\t\t\t<div class=\"elementor-testimonial-details\">\n\t\t\t\t\t\t\t\t\t\t\t\t\t\t<div class=\"elementor-testimonial-name\">Cynthia B. <\/div>\n\t\t\t\t\t\t\t\t\t\t\t\t\t\t\t\t\t\t\t\t\t\t<div class=\"elementor-testimonial-job\">Parent<\/div>\n\t\t\t\t\t\t\t\t\t\t\t\t\t<\/div>\n\t\t\t\t\t\t\t\t\t<\/div>\n\t\t\t<\/div>\n\t\t\t\t\t<\/div>\n\t\t\t\t\t\t<\/div>\n\t\t\t\t<\/div>\n\t\t\t\t<div class=\"elementor-element elementor-element-b22eedd exad-sticky-section-no exad-glass-effect-no elementor-widget elementor-widget-testimonial\" data-id=\"b22eedd\" data-element_type=\"widget\" data-e-type=\"widget\" data-widget_type=\"testimonial.default\">\n\t\t\t\t<div class=\"elementor-widget-container\">\n\t\t\t\t\t\t\t<div class=\"elementor-testimonial-wrapper\">\n\t\t\t\t\t\t\t<div class=\"elementor-testimonial-content\"><p>Mon fils de 12 ans a eu la chance d'avoir recours aux services de Sandra No\u00ebl derni\u00e8rement, puisqu'il pr\u00e9sente des d\u00e9fis en fran\u00e7ais lecture et \u00e9criture. Elle offre un service si efficace et rigoureux! En peu de temps, elle a su cerner ses besoins et a pr\u00e9par\u00e9 des rencontres adapt\u00e9es \u00e0 ceux-ci. Cela a permis \u00e0 mon fils de reconna\u00eetre ses forces, de prendre confiance en lui et de travailler sur ses d\u00e9fis. Je la recommande \u00e0 tous.\n<\/div>\n\t\t\t\n\t\t\t\t\t\t<div class=\"elementor-testimonial-meta\">\n\t\t\t\t<div class=\"elementor-testimonial-meta-inner\">\n\t\t\t\t\t\n\t\t\t\t\t\t\t\t\t\t<div class=\"elementor-testimonial-details\">\n\t\t\t\t\t\t\t\t\t\t\t\t\t\t<div class=\"elementor-testimonial-name\">Katia<\/div>\n\t\t\t\t\t\t\t\t\t\t\t\t\t\t\t\t\t\t\t\t\t\t<div class=\"elementor-testimonial-job\">Parent<\/div>\n\t\t\t\t\t\t\t\t\t\t\t\t\t<\/div>\n\t\t\t\t\t\t\t\t\t<\/div>\n\t\t\t<\/div>\n\t\t\t\t\t<\/div>\n\t\t\t\t\t\t<\/div>\n\t\t\t\t<\/div>\n\t\t\t\t<div class=\"elementor-element elementor-element-263da24 exad-sticky-section-no exad-glass-effect-no elementor-widget elementor-widget-testimonial\" data-id=\"263da24\" data-element_type=\"widget\" data-e-type=\"widget\" data-widget_type=\"testimonial.default\">\n\t\t\t\t<div class=\"elementor-widget-container\">\n\t\t\t\t\t\t\t<div class=\"elementor-testimonial-wrapper\">\n\t\t\t\t\t\t\t<div class=\"elementor-testimonial-content\"><p>Avant le d\u00e9but de l\u2019ann\u00e9e scolaire, nous avons contact\u00e9 Sandra pour outiller notre gar\u00e7on qui avait des difficult\u00e9s \u00e0 l\u2019\u00e9cole.\n\nSon approche aupr\u00e8s des enfants est <span style=\"text-decoration: underline\">tellement bien<\/span>. G\u00e9n\u00e9reuse de son temps. Ses comp\u00e9tences et ses ann\u00e9es d\u2019exp\u00e9rience sont \u00e9videntes. Gr\u00e2ce \u00e0 elle, notre gar\u00e7on a acquis des outils qui lui ont \u00e9t\u00e9 d\u2019une grande aide. Gr\u00e2ce \u00e0 celle-ci, notre gar\u00e7on a acquis de bonnes connaissances et une bonne m\u00e9thode de travail qui lui ont servi. \n\n<li>Excellente p\u00e9dagogue\n<li>Donne de bonnes m\u00e9thodes de travail\n<li>Trucs efficaces\n<li>Relation d\u2019aide\n\n<br>Nous avons ador\u00e9 Sandra.\n \nMerci encore \u00e0 toi Sandra\n\n<\/div>\n\t\t\t\n\t\t\t\t\t\t<div class=\"elementor-testimonial-meta\">\n\t\t\t\t<div class=\"elementor-testimonial-meta-inner\">\n\t\t\t\t\t\n\t\t\t\t\t\t\t\t\t\t<div class=\"elementor-testimonial-details\">\n\t\t\t\t\t\t\t\t\t\t\t\t\t\t<div class=\"elementor-testimonial-name\">Caroline P. et Sylvain L. <\/div>\n\t\t\t\t\t\t\t\t\t\t\t\t\t\t\t\t\t\t\t\t\t\t<div class=\"elementor-testimonial-job\">Parents<\/div>\n\t\t\t\t\t\t\t\t\t\t\t\t\t<\/div>\n\t\t\t\t\t\t\t\t\t<\/div>\n\t\t\t<\/div>\n\t\t\t\t\t<\/div>\n\t\t\t\t\t\t<\/div>\n\t\t\t\t<\/div>\n\t\t\t\t<div class=\"elementor-element elementor-element-7e5d41d exad-sticky-section-no exad-glass-effect-no elementor-widget elementor-widget-testimonial\" data-id=\"7e5d41d\" data-element_type=\"widget\" data-e-type=\"widget\" data-widget_type=\"testimonial.default\">\n\t\t\t\t<div class=\"elementor-widget-container\">\n\t\t\t\t\t\t\t<div class=\"elementor-testimonial-wrapper\">\n\t\t\t\t\t\t\t<div class=\"elementor-testimonial-content\"><p><span style=\"text-decoration: underline\">Vraiment G\u00e9niale!<\/span> Notre gar\u00e7on a eu besoin d\u2019un coup de main avec ses apprentissages. Cela fait maintenant plus de 4 ans qu\u2019il est accompagn\u00e9 par Mme Sandra hebdomadairement. Il avait de la difficult\u00e9 avec la compr\u00e9hension de lecture et la composition de texte. Il s\u2019est vraiment beaucoup am\u00e9lior\u00e9 et \u00e9tait toujours heureux d\u2019aller \u00e0 ses rendez-vous. Il est maintenant beaucoup plus confiant, ses notes se sont grandement am\u00e9lior\u00e9es.\nNous sommes tellement reconnaissant de l\u2019aide apport\u00e9e \u00e0 notre enfant!\n<\/div>\n\t\t\t\n\t\t\t\t\t\t<div class=\"elementor-testimonial-meta\">\n\t\t\t\t<div class=\"elementor-testimonial-meta-inner\">\n\t\t\t\t\t\n\t\t\t\t\t\t\t\t\t\t<div class=\"elementor-testimonial-details\">\n\t\t\t\t\t\t\t\t\t\t\t\t\t\t<div class=\"elementor-testimonial-name\">S\u00e9bastien et Karine, parents de Mathis<\/div>\n\t\t\t\t\t\t\t\t\t\t\t\t\t\t\t\t\t\t\t\t\t\t<div class=\"elementor-testimonial-job\">Parents<\/div>\n\t\t\t\t\t\t\t\t\t\t\t\t\t<\/div>\n\t\t\t\t\t\t\t\t\t<\/div>\n\t\t\t<\/div>\n\t\t\t\t\t<\/div>\n\t\t\t\t\t\t<\/div>\n\t\t\t\t<\/div>\n\t\t\t\t<div class=\"elementor-element elementor-element-7dd87a4 exad-sticky-section-no exad-glass-effect-no elementor-widget elementor-widget-testimonial\" data-id=\"7dd87a4\" data-element_type=\"widget\" data-e-type=\"widget\" data-widget_type=\"testimonial.default\">\n\t\t\t\t<div class=\"elementor-widget-container\">\n\t\t\t\t\t\t\t<div class=\"elementor-testimonial-wrapper\">\n\t\t\t\t\t\t\t<div class=\"elementor-testimonial-content\"><p>Passionn\u00e9e par son travail et les enfants, cette enseignante est \u00e0 l\u2019\u00e9coute des v\u00e9ritables besoins des jeunes. Sandra a enseign\u00e9 \u00e0 mon gar\u00e7on et elle a su adapter le mat\u00e9riel scolaire pour faciliter ses apprentissages. Je vous recommande les services de Sandra No\u00ebl, car je sais que votre enfant sera entre bonnes mains.\n<\/div>\n\t\t\t\n\t\t\t\t\t\t<div class=\"elementor-testimonial-meta\">\n\t\t\t\t<div class=\"elementor-testimonial-meta-inner\">\n\t\t\t\t\t\n\t\t\t\t\t\t\t\t\t\t<div class=\"elementor-testimonial-details\">\n\t\t\t\t\t\t\t\t\t\t\t\t\t\t<div class=\"elementor-testimonial-name\">Jos\u00e9e G.<\/div>\n\t\t\t\t\t\t\t\t\t\t\t\t\t\t\t\t\t\t\t\t\t\t<div class=\"elementor-testimonial-job\">Parent<\/div>\n\t\t\t\t\t\t\t\t\t\t\t\t\t<\/div>\n\t\t\t\t\t\t\t\t\t<\/div>\n\t\t\t<\/div>\n\t\t\t\t\t<\/div>\n\t\t\t\t\t\t<\/div>\n\t\t\t\t<\/div>\n\t\t\t\t\t<\/div>\n\t\t<\/div>\n\t\t\t\t\t<\/div>\n\t\t<\/section>\n\t\t\t\t<\/div>\n\t\t","protected":false},"excerpt":{"rendered":"<p>J&rsquo;ai d\u00e9but\u00e9 les cours avec Sandra au d\u00e9but du primaire lorsque j&rsquo;avais de la difficult\u00e9 \u00e0 l&rsquo;\u00e9cole. J&rsquo;ai subi une multitude de tests pour ensuite \u00eatre diagnostiqu\u00e9 comme \u00e9tant dyslexique et dysorthographique. Lors du commencement de mes s\u00e9ances avec Sandra, j&rsquo;avais un grand retard au niveau du fran\u00e7ais (orthographe, syntaxe&#8230;). Gr\u00e2ce \u00e0 l&rsquo;aide de Sandra, [&hellip;]<\/p>\n","protected":false},"author":1,"featured_media":904,"parent":0,"menu_order":0,"comment_status":"closed","ping_status":"closed","template":"","meta":{"footnotes":""},"class_list":["post-148","page","type-page","status-publish","has-post-thumbnail","hentry"],"_links":{"self":[{"href":"https:\/\/sandranoelorthopedagogue.ca\/index.php?rest_route=\/wp\/v2\/pages\/148","targetHints":{"allow":["GET"]}}],"collection":[{"href":"https:\/\/sandranoelorthopedagogue.ca\/index.php?rest_route=\/wp\/v2\/pages"}],"about":[{"href":"https:\/\/sandranoelorthopedagogue.ca\/index.php?rest_route=\/wp\/v2\/types\/page"}],"author":[{"embeddable":true,"href":"https:\/\/sandranoelorthopedagogue.ca\/index.php?rest_route=\/wp\/v2\/users\/1"}],"replies":[{"embeddable":true,"href":"https:\/\/sandranoelorthopedagogue.ca\/index.php?rest_route=%2Fwp%2Fv2%2Fcomments&post=148"}],"version-history":[{"count":17,"href":"https:\/\/sandranoelorthopedagogue.ca\/index.php?rest_route=\/wp\/v2\/pages\/148\/revisions"}],"predecessor-version":[{"id":1216,"href":"https:\/\/sandranoelorthopedagogue.ca\/index.php?rest_route=\/wp\/v2\/pages\/148\/revisions\/1216"}],"wp:featuredmedia":[{"embeddable":true,"href":"https:\/\/sandranoelorthopedagogue.ca\/index.php?rest_route=\/wp\/v2\/media\/904"}],"wp:attachment":[{"href":"https:\/\/sandranoelorthopedagogue.ca\/index.php?rest_route=%2Fwp%2Fv2%2Fmedia&parent=148"}],"curies":[{"name":"wp","href":"https:\/\/api.w.org\/{rel}","templated":true}]}}