{"id":150,"date":"2022-08-01T20:45:50","date_gmt":"2022-08-01T18:45:50","guid":{"rendered":"https:\/\/sandranoelorthopedagogue.ca\/?page_id=150"},"modified":"2023-01-09T13:38:52","modified_gmt":"2023-01-09T12:38:52","slug":"parents","status":"publish","type":"page","link":"https:\/\/sandranoelorthopedagogue.ca\/?page_id=150","title":{"rendered":"Parents"},"content":{"rendered":"\t\t<div data-elementor-type=\"wp-page\" data-elementor-id=\"150\" class=\"elementor elementor-150\">\n\t\t\t\t\t\t<section class=\"elementor-section elementor-top-section elementor-element elementor-element-2119c362 elementor-section-boxed elementor-section-height-default elementor-section-height-default exad-glass-effect-no exad-sticky-section-no\" data-id=\"2119c362\" data-element_type=\"section\" data-e-type=\"section\">\n\t\t\t\t\t\t<div class=\"elementor-container elementor-column-gap-default\">\n\t\t\t\t\t<div class=\"elementor-column elementor-col-100 elementor-top-column elementor-element elementor-element-2314279a exad-glass-effect-no exad-sticky-section-no\" data-id=\"2314279a\" data-element_type=\"column\" data-e-type=\"column\">\n\t\t\t<div class=\"elementor-widget-wrap elementor-element-populated\">\n\t\t\t\t\t\t<div class=\"elementor-element elementor-element-ac29f73 animated-slow exad-sticky-section-no exad-glass-effect-no elementor-invisible elementor-widget elementor-widget-heading\" data-id=\"ac29f73\" data-element_type=\"widget\" data-e-type=\"widget\" data-settings=\"{&quot;_animation&quot;:&quot;fadeInUp&quot;,&quot;_animation_delay&quot;:100}\" data-widget_type=\"heading.default\">\n\t\t\t\t<div class=\"elementor-widget-container\">\n\t\t\t\t\t<h2 class=\"elementor-heading-title elementor-size-default\">les t\u00e9moignages des parents<\/h2>\t\t\t\t<\/div>\n\t\t\t\t<\/div>\n\t\t\t\t<section class=\"elementor-section elementor-inner-section elementor-element elementor-element-4cf87b6e elementor-section-content-middle elementor-section-boxed elementor-section-height-default elementor-section-height-default exad-glass-effect-no exad-sticky-section-no\" data-id=\"4cf87b6e\" data-element_type=\"section\" data-e-type=\"section\">\n\t\t\t\t\t\t<div class=\"elementor-container elementor-column-gap-extended\">\n\t\t\t\t\t<div class=\"elementor-column elementor-col-100 elementor-inner-column elementor-element elementor-element-3fe4d86 exad-glass-effect-no exad-sticky-section-no\" data-id=\"3fe4d86\" data-element_type=\"column\" data-e-type=\"column\">\n\t\t\t<div class=\"elementor-widget-wrap elementor-element-populated\">\n\t\t\t\t\t\t<div class=\"elementor-element elementor-element-4c4e17d0 exad-sticky-section-no exad-glass-effect-no elementor-widget elementor-widget-testimonial\" data-id=\"4c4e17d0\" data-element_type=\"widget\" data-e-type=\"widget\" data-widget_type=\"testimonial.default\">\n\t\t\t\t<div class=\"elementor-widget-container\">\n\t\t\t\t\t\t\t<div class=\"elementor-testimonial-wrapper\">\n\t\t\t\t\t\t\t<div class=\"elementor-testimonial-content\"><p>C\u2019est suite \u00e0 la recommandation d\u2019une amie, que j\u2019ai eu la chance de conna\u00eetre une tr\u00e8s bonne professionnelle comme Sandra. Depuis qu\u2019on a fait sa connaissance, elle a su nous captiver par son charisme et son professionnalisme. Par la suite, tout s\u2019est d\u00e9roul\u00e9 merveilleusement. Mon fils comprenait tout ce qu\u2019il ne comprenait pas bien \u00e0 l\u2019\u00e9cole, car Sandra prenait tout son temps pour bien lui expliquer! Nous \u00e9tions plus que satisfaits de sa patience et de son \u00e9coute. Je pense maintenant aux enfants qui pourront avoir la chance de b\u00e9n\u00e9ficier de cette pr\u00e9cieuse aide!\n<\/div>\n\t\t\t\n\t\t\t\t\t\t<div class=\"elementor-testimonial-meta\">\n\t\t\t\t<div class=\"elementor-testimonial-meta-inner\">\n\t\t\t\t\t\n\t\t\t\t\t\t\t\t\t\t<div class=\"elementor-testimonial-details\">\n\t\t\t\t\t\t\t\t\t\t\t\t\t\t<div class=\"elementor-testimonial-name\">Samantha<\/div>\n\t\t\t\t\t\t\t\t\t\t\t\t\t\t\t\t\t\t\t\t\t\t<div class=\"elementor-testimonial-job\">Parent<\/div>\n\t\t\t\t\t\t\t\t\t\t\t\t\t<\/div>\n\t\t\t\t\t\t\t\t\t<\/div>\n\t\t\t<\/div>\n\t\t\t\t\t<\/div>\n\t\t\t\t\t\t<\/div>\n\t\t\t\t<\/div>\n\t\t\t\t<div class=\"elementor-element elementor-element-2de01dc2 exad-sticky-section-no exad-glass-effect-no elementor-widget elementor-widget-testimonial\" data-id=\"2de01dc2\" data-element_type=\"widget\" data-e-type=\"widget\" data-widget_type=\"testimonial.default\">\n\t\t\t\t<div class=\"elementor-widget-container\">\n\t\t\t\t\t\t\t<div class=\"elementor-testimonial-wrapper\">\n\t\t\t\t\t\t\t<div class=\"elementor-testimonial-content\"><p style=\"text-align:justify\">Nous avons eu le privil\u00e8ge de travailler avec Sandra pendant quelques ann\u00e9es pour nos deux enfants. Ce fut une exp\u00e9rience des plus enrichissantes et nous n\u2019avons que de bons mots \u00e0 l\u2019\u00e9gard de ses services. Elle est professionnelle, patiente et cr\u00e9ative dans son enseignement et elle respecte le rythme d\u2019apprentissage de chaque enfant, en mettant toujours en lumi\u00e8re leur plein potentiel. Elle a chang\u00e9 la vision des devoirs de nos enfants, ils ont pu voir leur utilit\u00e9 et m\u00eame les appr\u00e9cier!\nNous la  recommandons sans h\u00e9sitation \u00e0 tous les parents et enfants qui ont besoin d\u2019un petit coup de pouce suppl\u00e9mentaire pour bien r\u00e9ussir et s\u2019\u00e9panouir \u00e0 travers les \u00e9tudes.\n<\/p><\/div>\n\t\t\t\n\t\t\t\t\t\t<div class=\"elementor-testimonial-meta\">\n\t\t\t\t<div class=\"elementor-testimonial-meta-inner\">\n\t\t\t\t\t\n\t\t\t\t\t\t\t\t\t\t<div class=\"elementor-testimonial-details\">\n\t\t\t\t\t\t\t\t\t\t\t\t\t\t<div class=\"elementor-testimonial-name\">St\u00e9phanie D. et \u00c9ric T.<\/div>\n\t\t\t\t\t\t\t\t\t\t\t\t\t\t\t\t\t\t\t\t\t\t<div class=\"elementor-testimonial-job\">Parents<\/div>\n\t\t\t\t\t\t\t\t\t\t\t\t\t<\/div>\n\t\t\t\t\t\t\t\t\t<\/div>\n\t\t\t<\/div>\n\t\t\t\t\t<\/div>\n\t\t\t\t\t\t<\/div>\n\t\t\t\t<\/div>\n\t\t\t\t<div class=\"elementor-element elementor-element-21886fe1 exad-sticky-section-no exad-glass-effect-no elementor-widget elementor-widget-testimonial\" data-id=\"21886fe1\" data-element_type=\"widget\" data-e-type=\"widget\" data-widget_type=\"testimonial.default\">\n\t\t\t\t<div class=\"elementor-widget-container\">\n\t\t\t\t\t\t\t<div class=\"elementor-testimonial-wrapper\">\n\t\t\t\t\t\t\t<div class=\"elementor-testimonial-content\"><p><span style=\"text-decoration: underline\">Excellents services offerts par Sandra No\u00ebl <\/span><br>\n \nPendant plusieurs ann\u00e9es, mes 2 enfants, ayant un trouble d\u2019apprentissage, ont re\u00e7u de l\u2019aide de Sandra. Toujours \u00e0 l\u2019\u00e9coute de leurs difficult\u00e9s, elle a su les encadrer et les outiller tout en respectant leur vitesse d\u2019apprentissage. \nMerci!\n<\/div>\n\t\t\t\n\t\t\t\t\t\t<div class=\"elementor-testimonial-meta\">\n\t\t\t\t<div class=\"elementor-testimonial-meta-inner\">\n\t\t\t\t\t\n\t\t\t\t\t\t\t\t\t\t<div class=\"elementor-testimonial-details\">\n\t\t\t\t\t\t\t\t\t\t\t\t\t\t<div class=\"elementor-testimonial-name\">Cynthia B. <\/div>\n\t\t\t\t\t\t\t\t\t\t\t\t\t\t\t\t\t\t\t\t\t\t<div class=\"elementor-testimonial-job\">Parent<\/div>\n\t\t\t\t\t\t\t\t\t\t\t\t\t<\/div>\n\t\t\t\t\t\t\t\t\t<\/div>\n\t\t\t<\/div>\n\t\t\t\t\t<\/div>\n\t\t\t\t\t\t<\/div>\n\t\t\t\t<\/div>\n\t\t\t\t<div class=\"elementor-element elementor-element-e9087ad exad-sticky-section-no exad-glass-effect-no elementor-widget elementor-widget-testimonial\" data-id=\"e9087ad\" data-element_type=\"widget\" data-e-type=\"widget\" data-widget_type=\"testimonial.default\">\n\t\t\t\t<div class=\"elementor-widget-container\">\n\t\t\t\t\t\t\t<div class=\"elementor-testimonial-wrapper\">\n\t\t\t\t\t\t\t<div class=\"elementor-testimonial-content\"><p>Mon fils de 12 ans a eu la chance d'avoir recours aux services de Sandra No\u00ebl derni\u00e8rement, puisqu'il pr\u00e9sente des d\u00e9fis en fran\u00e7ais lecture et \u00e9criture. Elle offre un service si efficace et rigoureux! En peu de temps, elle a su cerner ses besoins et a pr\u00e9par\u00e9 des rencontres adapt\u00e9es \u00e0 ceux-ci. Cela a permis \u00e0 mon fils de reconna\u00eetre ses forces, de prendre confiance en lui et de travailler sur ses d\u00e9fis. Je la recommande \u00e0 tous.\n<\/div>\n\t\t\t\n\t\t\t\t\t\t<div class=\"elementor-testimonial-meta\">\n\t\t\t\t<div class=\"elementor-testimonial-meta-inner\">\n\t\t\t\t\t\n\t\t\t\t\t\t\t\t\t\t<div class=\"elementor-testimonial-details\">\n\t\t\t\t\t\t\t\t\t\t\t\t\t\t<div class=\"elementor-testimonial-name\">Katia<\/div>\n\t\t\t\t\t\t\t\t\t\t\t\t\t\t\t\t\t\t\t\t\t\t<div class=\"elementor-testimonial-job\">Parent<\/div>\n\t\t\t\t\t\t\t\t\t\t\t\t\t<\/div>\n\t\t\t\t\t\t\t\t\t<\/div>\n\t\t\t<\/div>\n\t\t\t\t\t<\/div>\n\t\t\t\t\t\t<\/div>\n\t\t\t\t<\/div>\n\t\t\t\t<div class=\"elementor-element elementor-element-8a8e567 exad-sticky-section-no exad-glass-effect-no elementor-widget elementor-widget-testimonial\" data-id=\"8a8e567\" data-element_type=\"widget\" data-e-type=\"widget\" data-widget_type=\"testimonial.default\">\n\t\t\t\t<div class=\"elementor-widget-container\">\n\t\t\t\t\t\t\t<div class=\"elementor-testimonial-wrapper\">\n\t\t\t\t\t\t\t<div class=\"elementor-testimonial-content\"><p>Avant le d\u00e9but de l\u2019ann\u00e9e scolaire, nous avons contact\u00e9 Sandra pour outiller notre gar\u00e7on qui avait des difficult\u00e9s \u00e0 l\u2019\u00e9cole.\n\nSon approche aupr\u00e8s des enfants est <span style=\"text-decoration: underline\">tellement bien<\/span>. G\u00e9n\u00e9reuse de son temps. Ses comp\u00e9tences et ses ann\u00e9es d\u2019exp\u00e9rience sont \u00e9videntes. Gr\u00e2ce \u00e0 elle, notre gar\u00e7on a acquis des outils qui lui ont \u00e9t\u00e9 d\u2019une grande aide. Gr\u00e2ce \u00e0 celle-ci, notre gar\u00e7on a acquis de bonnes connaissances et une bonne m\u00e9thode de travail qui lui ont servi. \n\n<li>Excellente p\u00e9dagogue\n<li>Donne de bonnes m\u00e9thodes de travail\n<li>Trucs efficaces\n<li>Relation d\u2019aide\n\n<br>Nous avons ador\u00e9 Sandra.\n \nMerci encore \u00e0 toi Sandra\n\n<\/div>\n\t\t\t\n\t\t\t\t\t\t<div class=\"elementor-testimonial-meta\">\n\t\t\t\t<div class=\"elementor-testimonial-meta-inner\">\n\t\t\t\t\t\n\t\t\t\t\t\t\t\t\t\t<div class=\"elementor-testimonial-details\">\n\t\t\t\t\t\t\t\t\t\t\t\t\t\t<div class=\"elementor-testimonial-name\">Caroline P. et Sylvain L. <\/div>\n\t\t\t\t\t\t\t\t\t\t\t\t\t\t\t\t\t\t\t\t\t\t<div class=\"elementor-testimonial-job\">Parents<\/div>\n\t\t\t\t\t\t\t\t\t\t\t\t\t<\/div>\n\t\t\t\t\t\t\t\t\t<\/div>\n\t\t\t<\/div>\n\t\t\t\t\t<\/div>\n\t\t\t\t\t\t<\/div>\n\t\t\t\t<\/div>\n\t\t\t\t<div class=\"elementor-element elementor-element-53c9a61f exad-sticky-section-no exad-glass-effect-no elementor-widget elementor-widget-testimonial\" data-id=\"53c9a61f\" data-element_type=\"widget\" data-e-type=\"widget\" data-widget_type=\"testimonial.default\">\n\t\t\t\t<div class=\"elementor-widget-container\">\n\t\t\t\t\t\t\t<div class=\"elementor-testimonial-wrapper\">\n\t\t\t\t\t\t\t<div class=\"elementor-testimonial-content\"><p style=\"text-align:justify\"><span style=\"text-decoration: underline\">Vraiment g\u00e9niale!<\/span> Notre gar\u00e7on a eu besoin d\u2019un coup de main avec ses apprentissages. Cela fait maintenant plus de 4 ans qu\u2019il est accompagn\u00e9 par Mme Sandra hebdomadairement. Il avait de la difficult\u00e9 avec la compr\u00e9hension de lecture et la composition de texte. Il s\u2019est vraiment beaucoup am\u00e9lior\u00e9 et \u00e9tait toujours heureux d\u2019aller \u00e0 ses rendez-vous. Il est maintenant beaucoup plus confiant, ses notes se sont grandement am\u00e9lior\u00e9es.\nNous sommes tellement reconnaissant de l\u2019aide apport\u00e9e \u00e0 notre enfant!\n<\/p><\/div>\n\t\t\t\n\t\t\t\t\t\t<div class=\"elementor-testimonial-meta\">\n\t\t\t\t<div class=\"elementor-testimonial-meta-inner\">\n\t\t\t\t\t\n\t\t\t\t\t\t\t\t\t\t<div class=\"elementor-testimonial-details\">\n\t\t\t\t\t\t\t\t\t\t\t\t\t\t<div class=\"elementor-testimonial-name\">S\u00e9bastien et Karine, parents de Mathis<\/div>\n\t\t\t\t\t\t\t\t\t\t\t\t\t\t\t\t\t\t\t\t\t\t<div class=\"elementor-testimonial-job\">Parents<\/div>\n\t\t\t\t\t\t\t\t\t\t\t\t\t<\/div>\n\t\t\t\t\t\t\t\t\t<\/div>\n\t\t\t<\/div>\n\t\t\t\t\t<\/div>\n\t\t\t\t\t\t<\/div>\n\t\t\t\t<\/div>\n\t\t\t\t<div class=\"elementor-element elementor-element-e293f1c exad-sticky-section-no exad-glass-effect-no elementor-widget elementor-widget-testimonial\" data-id=\"e293f1c\" data-element_type=\"widget\" data-e-type=\"widget\" data-widget_type=\"testimonial.default\">\n\t\t\t\t<div class=\"elementor-widget-container\">\n\t\t\t\t\t\t\t<div class=\"elementor-testimonial-wrapper\">\n\t\t\t\t\t\t\t<div class=\"elementor-testimonial-content\"><p>Passionn\u00e9e par son travail et les enfants, cette enseignante est \u00e0 l\u2019\u00e9coute des v\u00e9ritables besoins des jeunes. Sandra a enseign\u00e9 \u00e0 mon gar\u00e7on et elle a su adapter le mat\u00e9riel scolaire pour faciliter ses apprentissages. Je vous recommande les services de Sandra No\u00ebl, car je sais que votre enfant sera entre bonnes mains.\n<\/div>\n\t\t\t\n\t\t\t\t\t\t<div class=\"elementor-testimonial-meta\">\n\t\t\t\t<div class=\"elementor-testimonial-meta-inner\">\n\t\t\t\t\t\n\t\t\t\t\t\t\t\t\t\t<div class=\"elementor-testimonial-details\">\n\t\t\t\t\t\t\t\t\t\t\t\t\t\t<div class=\"elementor-testimonial-name\">Jos\u00e9e G.<\/div>\n\t\t\t\t\t\t\t\t\t\t\t\t\t\t\t\t\t\t\t\t\t\t<div class=\"elementor-testimonial-job\">Parent<\/div>\n\t\t\t\t\t\t\t\t\t\t\t\t\t<\/div>\n\t\t\t\t\t\t\t\t\t<\/div>\n\t\t\t<\/div>\n\t\t\t\t\t<\/div>\n\t\t\t\t\t\t<\/div>\n\t\t\t\t<\/div>\n\t\t\t\t\t<\/div>\n\t\t<\/div>\n\t\t\t\t\t<\/div>\n\t\t<\/section>\n\t\t\t\t\t<\/div>\n\t\t<\/div>\n\t\t\t\t\t<\/div>\n\t\t<\/section>\n\t\t\t\t<\/div>\n\t\t","protected":false},"excerpt":{"rendered":"<p>les t\u00e9moignages des parents C\u2019est suite \u00e0 la recommandation d\u2019une amie, que j\u2019ai eu la chance de conna\u00eetre une tr\u00e8s bonne professionnelle comme Sandra. Depuis qu\u2019on a fait sa connaissance, elle a su nous captiver par son charisme et son professionnalisme. Par la suite, tout s\u2019est d\u00e9roul\u00e9 merveilleusement. Mon fils comprenait tout ce qu\u2019il ne [&hellip;]<\/p>\n","protected":false},"author":1,"featured_media":904,"parent":148,"menu_order":0,"comment_status":"closed","ping_status":"closed","template":"","meta":{"footnotes":""},"class_list":["post-150","page","type-page","status-publish","has-post-thumbnail","hentry"],"_links":{"self":[{"href":"https:\/\/sandranoelorthopedagogue.ca\/index.php?rest_route=\/wp\/v2\/pages\/150","targetHints":{"allow":["GET"]}}],"collection":[{"href":"https:\/\/sandranoelorthopedagogue.ca\/index.php?rest_route=\/wp\/v2\/pages"}],"about":[{"href":"https:\/\/sandranoelorthopedagogue.ca\/index.php?rest_route=\/wp\/v2\/types\/page"}],"author":[{"embeddable":true,"href":"https:\/\/sandranoelorthopedagogue.ca\/index.php?rest_route=\/wp\/v2\/users\/1"}],"replies":[{"embeddable":true,"href":"https:\/\/sandranoelorthopedagogue.ca\/index.php?rest_route=%2Fwp%2Fv2%2Fcomments&post=150"}],"version-history":[{"count":52,"href":"https:\/\/sandranoelorthopedagogue.ca\/index.php?rest_route=\/wp\/v2\/pages\/150\/revisions"}],"predecessor-version":[{"id":1194,"href":"https:\/\/sandranoelorthopedagogue.ca\/index.php?rest_route=\/wp\/v2\/pages\/150\/revisions\/1194"}],"up":[{"embeddable":true,"href":"https:\/\/sandranoelorthopedagogue.ca\/index.php?rest_route=\/wp\/v2\/pages\/148"}],"wp:featuredmedia":[{"embeddable":true,"href":"https:\/\/sandranoelorthopedagogue.ca\/index.php?rest_route=\/wp\/v2\/media\/904"}],"wp:attachment":[{"href":"https:\/\/sandranoelorthopedagogue.ca\/index.php?rest_route=%2Fwp%2Fv2%2Fmedia&parent=150"}],"curies":[{"name":"wp","href":"https:\/\/api.w.org\/{rel}","templated":true}]}}