{"id":153,"date":"2022-08-01T20:47:12","date_gmt":"2022-08-01T18:47:12","guid":{"rendered":"https:\/\/sandranoelorthopedagogue.ca\/?page_id=153"},"modified":"2023-03-27T18:51:47","modified_gmt":"2023-03-27T16:51:47","slug":"enfants","status":"publish","type":"page","link":"https:\/\/sandranoelorthopedagogue.ca\/?page_id=153","title":{"rendered":"Enfants"},"content":{"rendered":"\t\t<div data-elementor-type=\"wp-page\" data-elementor-id=\"153\" class=\"elementor elementor-153\">\n\t\t\t\t\t\t<section class=\"elementor-section elementor-top-section elementor-element elementor-element-1511b9ff elementor-section-boxed elementor-section-height-default elementor-section-height-default exad-glass-effect-no exad-sticky-section-no\" data-id=\"1511b9ff\" data-element_type=\"section\" data-e-type=\"section\">\n\t\t\t\t\t\t<div class=\"elementor-container elementor-column-gap-default\">\n\t\t\t\t\t<div class=\"elementor-column elementor-col-100 elementor-top-column elementor-element elementor-element-6f4cfcb4 exad-glass-effect-no exad-sticky-section-no\" data-id=\"6f4cfcb4\" data-element_type=\"column\" data-e-type=\"column\" data-settings=\"{&quot;background_background&quot;:&quot;gradient&quot;}\">\n\t\t\t<div class=\"elementor-widget-wrap elementor-element-populated\">\n\t\t\t\t\t\t<div class=\"elementor-element elementor-element-72316b72 animated-slow exad-sticky-section-no exad-glass-effect-no elementor-invisible elementor-widget elementor-widget-heading\" data-id=\"72316b72\" data-element_type=\"widget\" data-e-type=\"widget\" data-settings=\"{&quot;_animation&quot;:&quot;fadeInUp&quot;,&quot;_animation_delay&quot;:100}\" data-widget_type=\"heading.default\">\n\t\t\t\t<div class=\"elementor-widget-container\">\n\t\t\t\t\t<h2 class=\"elementor-heading-title elementor-size-default\">Les t\u00e9moignages des \u00e9l\u00e8ves<\/h2>\t\t\t\t<\/div>\n\t\t\t\t<\/div>\n\t\t\t\t<div class=\"elementor-element elementor-element-177b6dc3 exad-sticky-section-no exad-glass-effect-no elementor-widget elementor-widget-testimonial\" data-id=\"177b6dc3\" data-element_type=\"widget\" data-e-type=\"widget\" data-widget_type=\"testimonial.default\">\n\t\t\t\t<div class=\"elementor-widget-container\">\n\t\t\t\t\t\t\t<div class=\"elementor-testimonial-wrapper\">\n\t\t\t\t\t\t\t<div class=\"elementor-testimonial-content\"><p>J'ai d\u00e9but\u00e9 les cours avec Sandra au d\u00e9but du primaire lorsque j'avais de la difficult\u00e9 \u00e0 l'\u00e9cole. J'ai subi une multitude de tests pour ensuite \u00eatre diagnostiqu\u00e9 comme \u00e9tant dyslexique et dysorthographique. Lors du commencement de mes s\u00e9ances avec Sandra, j'avais un grand retard au niveau du fran\u00e7ais (orthographe, syntaxe...). Gr\u00e2ce \u00e0 l'aide de Sandra, j'ai \u00e9t\u00e9 en mesure de remonter la pente et d'\u00eatre \u00e9ventuellement au m\u00eame niveau que les autres \u00e9tudiants. Sandra est une personne tr\u00e8s patiente, amicale et dr\u00f4le. J'avais souvent de la difficult\u00e9 \u00e0 comprendre les nombreuses r\u00e8gles de la langue fran\u00e7aise, mais Sandra \u00e0 toujours su expliquer les concepts de plusieurs fa\u00e7ons et de mani\u00e8re stimulante. Cela a grandement facilit\u00e9 mon apprentissage. Je ne retiens que du positif de nos rencontres hebdomadaires. C'est gr\u00e2ce aux services de Sandra que j'ai r\u00e9ussi \u00e0 me rendre aussi loin dans mon cheminement scolaire. Je d\u00e9tiens maintenant un double baccalaur\u00e9at en administration des affaires, soit en comptabilit\u00e9 et en gestion des technologies de l'information en plus d'\u00eatre membre de l'ordre des CPA. Les le\u00e7ons de Sandra me sont toujours utiles \u00e0 ce jour, lors de mon travail. Je recommande ses services \u00e0 tous! <\/p><\/div>\n\t\t\t\n\t\t\t\t\t\t<div class=\"elementor-testimonial-meta elementor-has-image elementor-testimonial-image-position-aside\">\n\t\t\t\t<div class=\"elementor-testimonial-meta-inner\">\n\t\t\t\t\t\t\t\t\t\t\t<div class=\"elementor-testimonial-image\">\n\t\t\t\t\t\t\t<img decoding=\"async\" width=\"150\" height=\"150\" src=\"https:\/\/sandranoelorthopedagogue.ca\/wp-content\/uploads\/2022\/08\/g-150x150.jpg\" class=\"attachment-thumbnail size-thumbnail wp-image-963\" alt=\"\" srcset=\"https:\/\/sandranoelorthopedagogue.ca\/wp-content\/uploads\/2022\/08\/g-150x150.jpg 150w, https:\/\/sandranoelorthopedagogue.ca\/wp-content\/uploads\/2022\/08\/g-75x75.jpg 75w\" sizes=\"(max-width: 150px) 100vw, 150px\" \/>\t\t\t\t\t\t<\/div>\n\t\t\t\t\t\n\t\t\t\t\t\t\t\t\t\t<div class=\"elementor-testimonial-details\">\n\t\t\t\t\t\t\t\t\t\t\t\t\t\t<div class=\"elementor-testimonial-name\">Guillaume<\/div>\n\t\t\t\t\t\t\t\t\t\t\t\t\t\t\t\t\t\t\t\t\t\t<div class=\"elementor-testimonial-job\">Ancien \u00e9l\u00e8ve<\/div>\n\t\t\t\t\t\t\t\t\t\t\t\t\t<\/div>\n\t\t\t\t\t\t\t\t\t<\/div>\n\t\t\t<\/div>\n\t\t\t\t\t<\/div>\n\t\t\t\t\t\t<\/div>\n\t\t\t\t<\/div>\n\t\t\t\t<div class=\"elementor-element elementor-element-7a6bcd95 exad-sticky-section-no exad-glass-effect-no elementor-widget elementor-widget-testimonial\" data-id=\"7a6bcd95\" data-element_type=\"widget\" data-e-type=\"widget\" data-widget_type=\"testimonial.default\">\n\t\t\t\t<div class=\"elementor-widget-container\">\n\t\t\t\t\t\t\t<div class=\"elementor-testimonial-wrapper\">\n\t\t\t\t\t\t\t<div class=\"elementor-testimonial-content\"><p>J'avais des probl\u00e8mes avec mon \u00e9thique de travail, j\u2019avais de la difficult\u00e9 \u00e0 comprendre mes cours de math et \u00e0 structurer mes textes. Gr\u00e2ce \u00e0 Sandra, c'\u00e9tait plus facile pour moi d'organiser mes travaux scolaires et \u00e9viter d\u2019\u00e9chouer mon ann\u00e9e. Lorsque j'avais de la difficult\u00e9 \u00e0 comprendre certaines notions, elle prenait un temps suppl\u00e9mentaire avec moi pour \u00eatre s\u00fbre que j'aie compris.\nC'\u00e9tait \u00e9vident pour moi que Sandra \u00e9tait une enseignante qui valorisait <span style=\"text-decoration: underline\"> \u00e9norm\u00e9ment <\/span> mon succ\u00e8s scolaire et ce que j\u2019\u00e9tais en tant qu'individu. En effet, j'avais le privil\u00e8ge d'\u00eatre assist\u00e9 par Sandra m\u00eame quand j'\u00e9prouvais des probl\u00e8mes hors de l'\u00e9cole. \n\u00c0 ce jour, je suis tr\u00e8s appr\u00e9ciatif de ses services.<\/p>\n<\/div>\n\t\t\t\n\t\t\t\t\t\t<div class=\"elementor-testimonial-meta\">\n\t\t\t\t<div class=\"elementor-testimonial-meta-inner\">\n\t\t\t\t\t\n\t\t\t\t\t\t\t\t\t\t<div class=\"elementor-testimonial-details\">\n\t\t\t\t\t\t\t\t\t\t\t\t\t\t<div class=\"elementor-testimonial-name\">Andrew<\/div>\n\t\t\t\t\t\t\t\t\t\t\t\t\t\t\t\t\t\t\t\t\t\t<div class=\"elementor-testimonial-job\">Ancien \u00e9l\u00e8ve<\/div>\n\t\t\t\t\t\t\t\t\t\t\t\t\t<\/div>\n\t\t\t\t\t\t\t\t\t<\/div>\n\t\t\t<\/div>\n\t\t\t\t\t<\/div>\n\t\t\t\t\t\t<\/div>\n\t\t\t\t<\/div>\n\t\t\t\t<div class=\"elementor-element elementor-element-10fecfe6 exad-sticky-section-no exad-glass-effect-no elementor-widget elementor-widget-testimonial\" data-id=\"10fecfe6\" data-element_type=\"widget\" data-e-type=\"widget\" data-widget_type=\"testimonial.default\">\n\t\t\t\t<div class=\"elementor-widget-container\">\n\t\t\t\t\t\t\t<div class=\"elementor-testimonial-wrapper\">\n\t\t\t\t\t\t\t<div class=\"elementor-testimonial-content\"><p>Depuis le primaire, j'avais beaucoup de difficult\u00e9s (surtout en fran\u00e7ais). Sandra \u00e9tait toujours l\u00e0 avec moi et elle m'a donn\u00e9 plusieurs solutions \u00e0 mes probl\u00e8mes. Gr\u00e2ce \u00e0 elle, j'ai \u00e9t\u00e9 capable de passer mes mati\u00e8res et \u00e9viter de reprendre une ann\u00e9e. Elle a \u00e9t\u00e9 une prof et une psychologue pour moi. Toujours l\u00e0 pour aider et \u00e9couter les probl\u00e8mes que j'avais et me donner la confiance que j'avais de besoin pour \u00eatre capable de passer \u00e0 travers mes difficult\u00e9s \u00e0 l'\u00e9cole. <\/p><\/div>\n\t\t\t\n\t\t\t\t\t\t<div class=\"elementor-testimonial-meta\">\n\t\t\t\t<div class=\"elementor-testimonial-meta-inner\">\n\t\t\t\t\t\n\t\t\t\t\t\t\t\t\t\t<div class=\"elementor-testimonial-details\">\n\t\t\t\t\t\t\t\t\t\t\t\t\t\t<div class=\"elementor-testimonial-name\">Nemanja Saran<\/div>\n\t\t\t\t\t\t\t\t\t\t\t\t\t\t\t\t\t\t\t\t\t\t<div class=\"elementor-testimonial-job\">Ancien \u00e9l\u00e8ve<\/div>\n\t\t\t\t\t\t\t\t\t\t\t\t\t<\/div>\n\t\t\t\t\t\t\t\t\t<\/div>\n\t\t\t<\/div>\n\t\t\t\t\t<\/div>\n\t\t\t\t\t\t<\/div>\n\t\t\t\t<\/div>\n\t\t\t\t<div class=\"elementor-element elementor-element-b1a1107 exad-sticky-section-no exad-glass-effect-no elementor-widget elementor-widget-testimonial\" data-id=\"b1a1107\" data-element_type=\"widget\" data-e-type=\"widget\" data-widget_type=\"testimonial.default\">\n\t\t\t\t<div class=\"elementor-widget-container\">\n\t\t\t\t\t\t\t<div class=\"elementor-testimonial-wrapper\">\n\t\t\t\t\t\t\t<div class=\"elementor-testimonial-content\"><p>Sandra m\u2019a beaucoup aid\u00e9 \u00e0 utiliser Word Q et mon laptop pour faire des textes. En g\u00e9n\u00e9ral, avec l\u2019aide de Sandra j\u2019ai \u00e9t\u00e9 capable de r\u00e9ussir mon ann\u00e9e.\n <\/p><\/div>\n\t\t\t\n\t\t\t\t\t\t<div class=\"elementor-testimonial-meta\">\n\t\t\t\t<div class=\"elementor-testimonial-meta-inner\">\n\t\t\t\t\t\n\t\t\t\t\t\t\t\t\t\t<div class=\"elementor-testimonial-details\">\n\t\t\t\t\t\t\t\t\t\t\t\t\t\t<div class=\"elementor-testimonial-name\">Alva<\/div>\n\t\t\t\t\t\t\t\t\t\t\t\t\t\t\t\t\t\t\t\t\t\t<div class=\"elementor-testimonial-job\">Ancien \u00e9l\u00e8ve<\/div>\n\t\t\t\t\t\t\t\t\t\t\t\t\t<\/div>\n\t\t\t\t\t\t\t\t\t<\/div>\n\t\t\t<\/div>\n\t\t\t\t\t<\/div>\n\t\t\t\t\t\t<\/div>\n\t\t\t\t<\/div>\n\t\t\t\t\t<\/div>\n\t\t<\/div>\n\t\t\t\t\t<\/div>\n\t\t<\/section>\n\t\t\t\t<\/div>\n\t\t","protected":false},"excerpt":{"rendered":"<p>Les t\u00e9moignages des \u00e9l\u00e8ves J&rsquo;ai d\u00e9but\u00e9 les cours avec Sandra au d\u00e9but du primaire lorsque j&rsquo;avais de la difficult\u00e9 \u00e0 l&rsquo;\u00e9cole. J&rsquo;ai subi une multitude de tests pour ensuite \u00eatre diagnostiqu\u00e9 comme \u00e9tant dyslexique et dysorthographique. Lors du commencement de mes s\u00e9ances avec Sandra, j&rsquo;avais un grand retard au niveau du fran\u00e7ais (orthographe, syntaxe&#8230;). Gr\u00e2ce [&hellip;]<\/p>\n","protected":false},"author":1,"featured_media":904,"parent":148,"menu_order":1,"comment_status":"closed","ping_status":"closed","template":"","meta":{"footnotes":""},"class_list":["post-153","page","type-page","status-publish","has-post-thumbnail","hentry"],"_links":{"self":[{"href":"https:\/\/sandranoelorthopedagogue.ca\/index.php?rest_route=\/wp\/v2\/pages\/153","targetHints":{"allow":["GET"]}}],"collection":[{"href":"https:\/\/sandranoelorthopedagogue.ca\/index.php?rest_route=\/wp\/v2\/pages"}],"about":[{"href":"https:\/\/sandranoelorthopedagogue.ca\/index.php?rest_route=\/wp\/v2\/types\/page"}],"author":[{"embeddable":true,"href":"https:\/\/sandranoelorthopedagogue.ca\/index.php?rest_route=\/wp\/v2\/users\/1"}],"replies":[{"embeddable":true,"href":"https:\/\/sandranoelorthopedagogue.ca\/index.php?rest_route=%2Fwp%2Fv2%2Fcomments&post=153"}],"version-history":[{"count":46,"href":"https:\/\/sandranoelorthopedagogue.ca\/index.php?rest_route=\/wp\/v2\/pages\/153\/revisions"}],"predecessor-version":[{"id":1213,"href":"https:\/\/sandranoelorthopedagogue.ca\/index.php?rest_route=\/wp\/v2\/pages\/153\/revisions\/1213"}],"up":[{"embeddable":true,"href":"https:\/\/sandranoelorthopedagogue.ca\/index.php?rest_route=\/wp\/v2\/pages\/148"}],"wp:featuredmedia":[{"embeddable":true,"href":"https:\/\/sandranoelorthopedagogue.ca\/index.php?rest_route=\/wp\/v2\/media\/904"}],"wp:attachment":[{"href":"https:\/\/sandranoelorthopedagogue.ca\/index.php?rest_route=%2Fwp%2Fv2%2Fmedia&parent=153"}],"curies":[{"name":"wp","href":"https:\/\/api.w.org\/{rel}","templated":true}]}}