{"id":506,"date":"2022-08-10T00:26:15","date_gmt":"2022-08-09T22:26:15","guid":{"rendered":"https:\/\/sandranoelorthopedagogue.ca\/?page_id=506"},"modified":"2023-01-05T22:13:04","modified_gmt":"2023-01-05T21:13:04","slug":"a-propos","status":"publish","type":"page","link":"https:\/\/sandranoelorthopedagogue.ca\/?page_id=506","title":{"rendered":"\u00c0 propos"},"content":{"rendered":"\t\t<div data-elementor-type=\"wp-page\" data-elementor-id=\"506\" class=\"elementor elementor-506\">\n\t\t\t\t\t\t<section class=\"elementor-section elementor-top-section elementor-element elementor-element-779a4de7 elementor-section-content-middle elementor-section-height-full elementor-section-items-stretch elementor-section-boxed elementor-section-height-default exad-glass-effect-no exad-sticky-section-no\" data-id=\"779a4de7\" data-element_type=\"section\" data-e-type=\"section\">\n\t\t\t\t\t\t<div class=\"elementor-container elementor-column-gap-no\">\n\t\t\t\t\t<div class=\"elementor-column elementor-col-33 elementor-top-column elementor-element elementor-element-732a02da exad-glass-effect-no exad-sticky-section-no\" data-id=\"732a02da\" data-element_type=\"column\" data-e-type=\"column\" data-settings=\"{&quot;background_background&quot;:&quot;classic&quot;}\">\n\t\t\t<div class=\"elementor-widget-wrap elementor-element-populated\">\n\t\t\t\t\t\t<div class=\"elementor-element elementor-element-6b58bc49 exad-sticky-section-no exad-glass-effect-no elementor-widget elementor-widget-spacer\" data-id=\"6b58bc49\" data-element_type=\"widget\" data-e-type=\"widget\" data-widget_type=\"spacer.default\">\n\t\t\t\t<div class=\"elementor-widget-container\">\n\t\t\t\t\t\t\t<div class=\"elementor-spacer\">\n\t\t\t<div class=\"elementor-spacer-inner\"><\/div>\n\t\t<\/div>\n\t\t\t\t\t\t<\/div>\n\t\t\t\t<\/div>\n\t\t\t\t\t<\/div>\n\t\t<\/div>\n\t\t\t\t<div class=\"elementor-column elementor-col-33 elementor-top-column elementor-element elementor-element-7fd543f1 exad-glass-effect-no exad-sticky-section-no\" data-id=\"7fd543f1\" data-element_type=\"column\" data-e-type=\"column\">\n\t\t\t<div class=\"elementor-widget-wrap elementor-element-populated\">\n\t\t\t\t\t<div class=\"elementor-background-overlay\"><\/div>\n\t\t\t\t\t\t<div class=\"elementor-element elementor-element-428ef2ee exad-sticky-section-no exad-glass-effect-no elementor-widget elementor-widget-heading\" data-id=\"428ef2ee\" data-element_type=\"widget\" data-e-type=\"widget\" data-widget_type=\"heading.default\">\n\t\t\t\t<div class=\"elementor-widget-container\">\n\t\t\t\t\t<h5 class=\"elementor-heading-title elementor-size-default\">Qui sommes nous\n<\/h5>\t\t\t\t<\/div>\n\t\t\t\t<\/div>\n\t\t\t\t<div class=\"elementor-element elementor-element-43f764b8 exad-sticky-section-no exad-glass-effect-no elementor-widget elementor-widget-heading\" data-id=\"43f764b8\" data-element_type=\"widget\" data-e-type=\"widget\" data-widget_type=\"heading.default\">\n\t\t\t\t<div class=\"elementor-widget-container\">\n\t\t\t\t\t<h2 class=\"elementor-heading-title elementor-size-default\">Sandra No\u00ebl<\/h2>\t\t\t\t<\/div>\n\t\t\t\t<\/div>\n\t\t\t\t<div class=\"elementor-element elementor-element-7277b9b8 elementor-widget-divider--view-line exad-sticky-section-no exad-glass-effect-no elementor-widget elementor-widget-divider\" data-id=\"7277b9b8\" data-element_type=\"widget\" data-e-type=\"widget\" data-widget_type=\"divider.default\">\n\t\t\t\t<div class=\"elementor-widget-container\">\n\t\t\t\t\t\t\t<div class=\"elementor-divider\">\n\t\t\t<span class=\"elementor-divider-separator\">\n\t\t\t\t\t\t<\/span>\n\t\t<\/div>\n\t\t\t\t\t\t<\/div>\n\t\t\t\t<\/div>\n\t\t\t\t<div class=\"elementor-element elementor-element-2882d680 elementor-drop-cap-yes elementor-drop-cap-view-default exad-sticky-section-no exad-glass-effect-no elementor-widget elementor-widget-text-editor\" data-id=\"2882d680\" data-element_type=\"widget\" data-e-type=\"widget\" data-settings=\"{&quot;drop_cap&quot;:&quot;yes&quot;}\" data-widget_type=\"text-editor.default\">\n\t\t\t\t<div class=\"elementor-widget-container\">\n\t\t\t\t\t\t\t\t\t<p style=\"text-align: justify;\"><span style=\"line-height: 1.9em;\"><span style=\"color: #000000;\">J\u2019ai obtenu un dipl\u00f4me d\u2019\u00e9tudes coll\u00e9giales en arts et lettres du c\u00e9gep de Sherbrooke en 1994. En cons\u00e9quence, j\u2019ai une excellente ma\u00eetrise du fran\u00e7ais et un haut niveau de cr\u00e9ativit\u00e9, ce qui me permet de concevoir du mat\u00e9riel p\u00e9dagogique r\u00e9pondant aux besoins sp\u00e9cifiques des jeunes. D\u2019ailleurs, de 2005 \u00e0 2019, j\u2019ai publi\u00e9 sept cahiers p\u00e9dagogiques aux \u00c9ditions \u00e0 Reproduire.<\/span><\/span><\/p><p style=\"text-align: justify;\"><span style=\"color: #000000;\">De 1994 \u00e0 1996, j\u2019ai re\u00e7u une formation en psychologie \u00e0 l\u2019universit\u00e9 de Sherbrooke. <span style=\"color: #800000;\"><strong>Je poss\u00e8de donc une compr\u00e9hension accrue des effets psychologiques li\u00e9s \u00e0 un parcours scolaire difficile.<\/strong><\/span> Mais, surtout, <span style=\"color: #800000;\"><strong>je sais comment parvenir \u00e0 apaiser cette souffrance<\/strong><\/span> et, ainsi, rendre les jeunes disponibles \u00e0 l\u2019apprentissage.<\/span><\/p>\t\t\t\t\t\t\t\t<\/div>\n\t\t\t\t<\/div>\n\t\t\t\t\t<\/div>\n\t\t<\/div>\n\t\t\t\t<div class=\"elementor-column elementor-col-33 elementor-top-column elementor-element elementor-element-4d348b83 exad-glass-effect-no exad-sticky-section-no\" data-id=\"4d348b83\" data-element_type=\"column\" data-e-type=\"column\" data-settings=\"{&quot;background_background&quot;:&quot;classic&quot;}\">\n\t\t\t<div class=\"elementor-widget-wrap elementor-element-populated\">\n\t\t\t\t\t\t<div class=\"elementor-element elementor-element-64595d13 exad-sticky-section-no exad-glass-effect-no elementor-widget elementor-widget-spacer\" data-id=\"64595d13\" data-element_type=\"widget\" data-e-type=\"widget\" data-widget_type=\"spacer.default\">\n\t\t\t\t<div class=\"elementor-widget-container\">\n\t\t\t\t\t\t\t<div class=\"elementor-spacer\">\n\t\t\t<div class=\"elementor-spacer-inner\"><\/div>\n\t\t<\/div>\n\t\t\t\t\t\t<\/div>\n\t\t\t\t<\/div>\n\t\t\t\t\t<\/div>\n\t\t<\/div>\n\t\t\t\t\t<\/div>\n\t\t<\/section>\n\t\t\t\t<section class=\"elementor-section elementor-top-section elementor-element elementor-element-75bf54f elementor-section-content-middle elementor-section-full_width elementor-section-height-min-height elementor-section-items-stretch elementor-reverse-mobile elementor-section-height-default exad-glass-effect-no exad-sticky-section-no\" data-id=\"75bf54f\" data-element_type=\"section\" data-e-type=\"section\">\n\t\t\t\t\t\t<div class=\"elementor-container elementor-column-gap-no\">\n\t\t\t\t\t<div class=\"elementor-column elementor-col-33 elementor-top-column elementor-element elementor-element-dbae06c exad-glass-effect-no exad-sticky-section-no\" data-id=\"dbae06c\" data-element_type=\"column\" data-e-type=\"column\" data-settings=\"{&quot;background_background&quot;:&quot;classic&quot;}\">\n\t\t\t<div class=\"elementor-widget-wrap elementor-element-populated\">\n\t\t\t\t\t\t<div class=\"elementor-element elementor-element-4c733228 exad-sticky-section-no exad-glass-effect-no elementor-widget elementor-widget-spacer\" data-id=\"4c733228\" data-element_type=\"widget\" data-e-type=\"widget\" data-widget_type=\"spacer.default\">\n\t\t\t\t<div class=\"elementor-widget-container\">\n\t\t\t\t\t\t\t<div class=\"elementor-spacer\">\n\t\t\t<div class=\"elementor-spacer-inner\"><\/div>\n\t\t<\/div>\n\t\t\t\t\t\t<\/div>\n\t\t\t\t<\/div>\n\t\t\t\t\t<\/div>\n\t\t<\/div>\n\t\t\t\t<div class=\"elementor-column elementor-col-33 elementor-top-column elementor-element elementor-element-5d739071 exad-glass-effect-no exad-sticky-section-no\" data-id=\"5d739071\" data-element_type=\"column\" data-e-type=\"column\">\n\t\t\t<div class=\"elementor-widget-wrap elementor-element-populated\">\n\t\t\t\t\t<div class=\"elementor-background-overlay\"><\/div>\n\t\t\t\t\t\t<div class=\"elementor-element elementor-element-4f889a8a elementor-widget-divider--view-line exad-sticky-section-no exad-glass-effect-no elementor-widget elementor-widget-divider\" data-id=\"4f889a8a\" data-element_type=\"widget\" data-e-type=\"widget\" data-widget_type=\"divider.default\">\n\t\t\t\t<div class=\"elementor-widget-container\">\n\t\t\t\t\t\t\t<div class=\"elementor-divider\">\n\t\t\t<span class=\"elementor-divider-separator\">\n\t\t\t\t\t\t<\/span>\n\t\t<\/div>\n\t\t\t\t\t\t<\/div>\n\t\t\t\t<\/div>\n\t\t\t\t<div class=\"elementor-element elementor-element-2ba74e07 exad-sticky-section-no exad-glass-effect-no elementor-widget elementor-widget-text-editor\" data-id=\"2ba74e07\" data-element_type=\"widget\" data-e-type=\"widget\" data-widget_type=\"text-editor.default\">\n\t\t\t\t<div class=\"elementor-widget-container\">\n\t\t\t\t\t\t\t\t\t<p style=\"text-align: justify;\"><span style=\"color: #000000;\"><span style=\"line-height: 1.9em;\">\u00c0 la suite de mes deux ann\u00e9es d\u2019\u00e9tude en psychologie, j\u2019ai d\u00e9but\u00e9 un baccalaur\u00e9at en adaptation scolaire \u00e0 l\u2019universit\u00e9 de Sherbrooke. Je suis dipl\u00f4m\u00e9e dans ce domaine depuis 1999. Je cumule plus de 20 ans d\u2019exp\u00e9rience, en milieu scolaire et en pratique priv\u00e9e, durant lesquels je suis intervenue aupr\u00e8s de <span style=\"color: #800000;\"><b> jeunes du pr\u00e9scolaire \u00e0 secondaire 1 <\/b><\/span> pr\u00e9sentant\u00a0:<\/span><\/span><\/p><ul style=\"text-align: justify;\"><li style=\"line-height: 1.9em;\"><span style=\"color: #000000;\">Des troubles d\u2019apprentissage<\/span><\/li><li style=\"line-height: 1.9em;\"><span style=\"color: #000000;\">Des troubles d\u2019attention avec ou sans hyper activit\u00e9<\/span><\/li><li style=\"line-height: 1.9em;\"><span style=\"color: #000000;\">De la dyslexie \/ dysorthographie<\/span><\/li><li style=\"line-height: 1.9em;\"><span style=\"color: #000000;\">De la dysphasie \/dyspraxie<\/span><\/li><li style=\"line-height: 1.9em;\"><span style=\"color: #000000;\">Des troubles du spectre de l\u2019autisme<\/span><\/li><li style=\"line-height: 1.9em;\"><span style=\"color: #000000;\">Des difficult\u00e9s comportementales<\/span><\/li><li style=\"line-height: 1.9em;\"><span style=\"color: #000000;\">Un besoin d\u2019apprendre le fran\u00e7ais en tant que langue seconde (pour les nouveaux arrivants)<\/span><\/li><\/ul>\t\t\t\t\t\t\t\t<\/div>\n\t\t\t\t<\/div>\n\t\t\t\t\t<\/div>\n\t\t<\/div>\n\t\t\t\t<div class=\"elementor-column elementor-col-33 elementor-top-column elementor-element elementor-element-569dff12 exad-glass-effect-no exad-sticky-section-no\" data-id=\"569dff12\" data-element_type=\"column\" data-e-type=\"column\" data-settings=\"{&quot;background_background&quot;:&quot;classic&quot;}\">\n\t\t\t<div class=\"elementor-widget-wrap elementor-element-populated\">\n\t\t\t\t\t\t<div class=\"elementor-element elementor-element-5c1ccd82 exad-sticky-section-no exad-glass-effect-no elementor-widget elementor-widget-spacer\" data-id=\"5c1ccd82\" data-element_type=\"widget\" data-e-type=\"widget\" data-widget_type=\"spacer.default\">\n\t\t\t\t<div class=\"elementor-widget-container\">\n\t\t\t\t\t\t\t<div class=\"elementor-spacer\">\n\t\t\t<div class=\"elementor-spacer-inner\"><\/div>\n\t\t<\/div>\n\t\t\t\t\t\t<\/div>\n\t\t\t\t<\/div>\n\t\t\t\t\t<\/div>\n\t\t<\/div>\n\t\t\t\t\t<\/div>\n\t\t<\/section>\n\t\t\t\t<section class=\"elementor-section elementor-top-section elementor-element elementor-element-3fcc4811 elementor-section-content-middle elementor-section-full_width elementor-section-height-min-height elementor-section-items-stretch elementor-section-height-default exad-glass-effect-no exad-sticky-section-no\" data-id=\"3fcc4811\" data-element_type=\"section\" data-e-type=\"section\">\n\t\t\t\t\t\t<div class=\"elementor-container elementor-column-gap-no\">\n\t\t\t\t\t<div class=\"elementor-column elementor-col-33 elementor-top-column elementor-element elementor-element-6baf32de exad-glass-effect-no exad-sticky-section-no\" data-id=\"6baf32de\" data-element_type=\"column\" data-e-type=\"column\" data-settings=\"{&quot;background_background&quot;:&quot;classic&quot;}\">\n\t\t\t<div class=\"elementor-widget-wrap elementor-element-populated\">\n\t\t\t\t\t\t<div class=\"elementor-element elementor-element-d386846 exad-sticky-section-no exad-glass-effect-no elementor-widget elementor-widget-spacer\" data-id=\"d386846\" data-element_type=\"widget\" data-e-type=\"widget\" data-widget_type=\"spacer.default\">\n\t\t\t\t<div class=\"elementor-widget-container\">\n\t\t\t\t\t\t\t<div class=\"elementor-spacer\">\n\t\t\t<div class=\"elementor-spacer-inner\"><\/div>\n\t\t<\/div>\n\t\t\t\t\t\t<\/div>\n\t\t\t\t<\/div>\n\t\t\t\t\t<\/div>\n\t\t<\/div>\n\t\t\t\t<div class=\"elementor-column elementor-col-33 elementor-top-column elementor-element elementor-element-534dfffa exad-glass-effect-no exad-sticky-section-no\" data-id=\"534dfffa\" data-element_type=\"column\" data-e-type=\"column\">\n\t\t\t<div class=\"elementor-widget-wrap elementor-element-populated\">\n\t\t\t\t\t<div class=\"elementor-background-overlay\"><\/div>\n\t\t\t\t\t\t<div class=\"elementor-element elementor-element-7421b752 exad-sticky-section-no exad-glass-effect-no elementor-widget elementor-widget-heading\" data-id=\"7421b752\" data-element_type=\"widget\" data-e-type=\"widget\" data-widget_type=\"heading.default\">\n\t\t\t\t<div class=\"elementor-widget-container\">\n\t\t\t\t\t<h5 class=\"elementor-heading-title elementor-size-default\">NOTE<\/h5>\t\t\t\t<\/div>\n\t\t\t\t<\/div>\n\t\t\t\t<div class=\"elementor-element elementor-element-24e96ebb elementor-widget-divider--view-line exad-sticky-section-no exad-glass-effect-no elementor-widget elementor-widget-divider\" data-id=\"24e96ebb\" data-element_type=\"widget\" data-e-type=\"widget\" data-widget_type=\"divider.default\">\n\t\t\t\t<div class=\"elementor-widget-container\">\n\t\t\t\t\t\t\t<div class=\"elementor-divider\">\n\t\t\t<span class=\"elementor-divider-separator\">\n\t\t\t\t\t\t<\/span>\n\t\t<\/div>\n\t\t\t\t\t\t<\/div>\n\t\t\t\t<\/div>\n\t\t\t\t<div class=\"elementor-element elementor-element-5beee82d exad-sticky-section-no exad-glass-effect-no elementor-widget elementor-widget-text-editor\" data-id=\"5beee82d\" data-element_type=\"widget\" data-e-type=\"widget\" data-widget_type=\"text-editor.default\">\n\t\t\t\t<div class=\"elementor-widget-container\">\n\t\t\t\t\t\t\t\t\t<ul style=\"text-align: justify;\"><li style=\"line-height: 1.9em;\"><span style=\"color: #000000;\"><span style=\"color: #800000;\"><strong>Je n\u2019offre pas d\u2019enseignement \u00e0 distance<\/strong>,<\/span> puisqu\u2019il a r\u00e9cemment \u00e9t\u00e9 d\u00e9montr\u00e9 que cette fa\u00e7on de faire n\u2019avait pas les effets escompt\u00e9s.<\/span><\/li><li style=\"line-height: 1.9em;\"><span style=\"color: #000000;\"><span style=\"color: #800000;\"><strong>Je n\u2019offre pas de cours d\u2019\u00e9t\u00e9.<\/strong><\/span> En effet, je crois qu\u2019apr\u00e8s dix mois d\u2019un d\u00e9passement de soi quasi constant, l\u2019enfant en difficult\u00e9 a un r\u00e9el besoin de prendre ses distances du v\u00e9cu scolaire. Il doit se reposer et s\u2019amuser, afin d\u2019\u00eatre en mesure de faire face aux d\u00e9fis li\u00e9s au retour \u00e0 l\u2019\u00e9cole l\u2019ann\u00e9e suivante. Plusieurs personnes pensent qu\u2019il est important de poursuivre certaines activit\u00e9s scolaires durant la p\u00e9riode estivale, pour conserver les acquis. De mon c\u00f4t\u00e9, j\u2019estime que cette fa\u00e7on de faire peut entra\u00eener, \u00e0 court ou \u00e0 moyen terme, une d\u00e9motivation et un \u00e9ventuel d\u00e9crochage. Bref, une situation contraire \u00e0 l\u2019objectif de notre d\u00e9marche et plus difficile \u00e0 rectifier.<\/span><\/li><\/ul>\t\t\t\t\t\t\t\t<\/div>\n\t\t\t\t<\/div>\n\t\t\t\t\t<\/div>\n\t\t<\/div>\n\t\t\t\t<div class=\"elementor-column elementor-col-33 elementor-top-column elementor-element elementor-element-2d04a2b6 exad-glass-effect-no exad-sticky-section-no\" data-id=\"2d04a2b6\" data-element_type=\"column\" data-e-type=\"column\" data-settings=\"{&quot;background_background&quot;:&quot;classic&quot;}\">\n\t\t\t<div class=\"elementor-widget-wrap elementor-element-populated\">\n\t\t\t\t\t\t<div class=\"elementor-element elementor-element-4e07e5b8 exad-sticky-section-no exad-glass-effect-no elementor-widget elementor-widget-spacer\" data-id=\"4e07e5b8\" data-element_type=\"widget\" data-e-type=\"widget\" data-widget_type=\"spacer.default\">\n\t\t\t\t<div class=\"elementor-widget-container\">\n\t\t\t\t\t\t\t<div class=\"elementor-spacer\">\n\t\t\t<div class=\"elementor-spacer-inner\"><\/div>\n\t\t<\/div>\n\t\t\t\t\t\t<\/div>\n\t\t\t\t<\/div>\n\t\t\t\t\t<\/div>\n\t\t<\/div>\n\t\t\t\t\t<\/div>\n\t\t<\/section>\n\t\t\t\t<section class=\"elementor-section elementor-top-section elementor-element elementor-element-60b2fc51 elementor-section-content-middle elementor-section-full_width elementor-section-height-min-height elementor-section-items-stretch elementor-reverse-mobile elementor-section-height-default exad-glass-effect-no exad-sticky-section-no\" data-id=\"60b2fc51\" data-element_type=\"section\" data-e-type=\"section\">\n\t\t\t\t\t\t<div class=\"elementor-container elementor-column-gap-no\">\n\t\t\t\t\t<div class=\"elementor-column elementor-col-33 elementor-top-column elementor-element elementor-element-26c8d16e exad-glass-effect-no exad-sticky-section-no\" data-id=\"26c8d16e\" data-element_type=\"column\" data-e-type=\"column\" data-settings=\"{&quot;background_background&quot;:&quot;classic&quot;}\">\n\t\t\t<div class=\"elementor-widget-wrap elementor-element-populated\">\n\t\t\t\t\t\t<div class=\"elementor-element elementor-element-35446e2b exad-sticky-section-no exad-glass-effect-no elementor-widget elementor-widget-spacer\" data-id=\"35446e2b\" data-element_type=\"widget\" data-e-type=\"widget\" data-widget_type=\"spacer.default\">\n\t\t\t\t<div class=\"elementor-widget-container\">\n\t\t\t\t\t\t\t<div class=\"elementor-spacer\">\n\t\t\t<div class=\"elementor-spacer-inner\"><\/div>\n\t\t<\/div>\n\t\t\t\t\t\t<\/div>\n\t\t\t\t<\/div>\n\t\t\t\t\t<\/div>\n\t\t<\/div>\n\t\t\t\t<div class=\"elementor-column elementor-col-33 elementor-top-column elementor-element elementor-element-3834ad97 exad-glass-effect-no exad-sticky-section-no\" data-id=\"3834ad97\" data-element_type=\"column\" data-e-type=\"column\">\n\t\t\t<div class=\"elementor-widget-wrap elementor-element-populated\">\n\t\t\t\t\t<div class=\"elementor-background-overlay\"><\/div>\n\t\t\t\t\t\t<div class=\"elementor-element elementor-element-6d0ad71e exad-sticky-section-no exad-glass-effect-no elementor-widget elementor-widget-heading\" data-id=\"6d0ad71e\" data-element_type=\"widget\" data-e-type=\"widget\" data-widget_type=\"heading.default\">\n\t\t\t\t<div class=\"elementor-widget-container\">\n\t\t\t\t\t<h5 class=\"elementor-heading-title elementor-size-default\">Mes objectifs et mes services\n<\/h5>\t\t\t\t<\/div>\n\t\t\t\t<\/div>\n\t\t\t\t<div class=\"elementor-element elementor-element-6e9c0842 elementor-widget-divider--view-line exad-sticky-section-no exad-glass-effect-no elementor-widget elementor-widget-divider\" data-id=\"6e9c0842\" data-element_type=\"widget\" data-e-type=\"widget\" data-widget_type=\"divider.default\">\n\t\t\t\t<div class=\"elementor-widget-container\">\n\t\t\t\t\t\t\t<div class=\"elementor-divider\">\n\t\t\t<span class=\"elementor-divider-separator\">\n\t\t\t\t\t\t<\/span>\n\t\t<\/div>\n\t\t\t\t\t\t<\/div>\n\t\t\t\t<\/div>\n\t\t\t\t<div class=\"elementor-element elementor-element-214bf44d exad-sticky-section-no exad-glass-effect-no elementor-widget elementor-widget-text-editor\" data-id=\"214bf44d\" data-element_type=\"widget\" data-e-type=\"widget\" data-widget_type=\"text-editor.default\">\n\t\t\t\t<div class=\"elementor-widget-container\">\n\t\t\t\t\t\t\t\t\t&nbsp;\n<ul style=\"text-align:justify;\"> \n \t<li style=\"line-height: 1.9em;\"><span style=\"color: #000000;\">Am\u00e9liorer le v\u00e9cu scolaire des jeunes et de leurs parents, par la disponibilit\u00e9, l\u2019\u00e9coute et la guidance.\u00a0<\/span><\/li>\n \t<li style=\"line-height: 1.9em;\"><span style=\"color: #000000;\">Augmenter le niveau d\u2019estime de l\u2019enfant en lui faisant vivre des r\u00e9ussites.<\/span><\/li>\n<\/ul>\n&nbsp;\n\n<span style=\"color: #000000;\"><span style=\"line-height: 1.9em;\">Pour y parvenir, je vais\u00a0:<\/span><\/span>\n<ul style=\"text-align: justify;\">\n \t<li style=\"line-height: 1.9em;\"><span style=\"color: #000000;\">\u00c9valuer les besoins de l\u2019enfant.<\/span><\/li>\n \t<li style=\"line-height: 1.9em;\"><span style=\"color: #000000;\">Mettre en place des interventions r\u00e9\u00e9ducatives personnalis\u00e9es.<\/span><\/li>\n \t<li style=\"line-height: 1.9em;\"><span style=\"color: #000000;\">Offrir un suivi hebdomadaire individuel, afin de permettre \u00e0 chacun de progresser \u00e0 son rythme.<\/span><\/li>\n<\/ul>\t\t\t\t\t\t\t\t<\/div>\n\t\t\t\t<\/div>\n\t\t\t\t\t<\/div>\n\t\t<\/div>\n\t\t\t\t<div class=\"elementor-column elementor-col-33 elementor-top-column elementor-element elementor-element-3931f2ac exad-glass-effect-no exad-sticky-section-no\" data-id=\"3931f2ac\" data-element_type=\"column\" data-e-type=\"column\" data-settings=\"{&quot;background_background&quot;:&quot;classic&quot;}\">\n\t\t\t<div class=\"elementor-widget-wrap elementor-element-populated\">\n\t\t\t\t\t\t<div class=\"elementor-element elementor-element-6bad51e9 exad-sticky-section-no exad-glass-effect-no elementor-widget elementor-widget-spacer\" data-id=\"6bad51e9\" data-element_type=\"widget\" data-e-type=\"widget\" data-widget_type=\"spacer.default\">\n\t\t\t\t<div class=\"elementor-widget-container\">\n\t\t\t\t\t\t\t<div class=\"elementor-spacer\">\n\t\t\t<div class=\"elementor-spacer-inner\"><\/div>\n\t\t<\/div>\n\t\t\t\t\t\t<\/div>\n\t\t\t\t<\/div>\n\t\t\t\t\t<\/div>\n\t\t<\/div>\n\t\t\t\t\t<\/div>\n\t\t<\/section>\n\t\t\t\t<\/div>\n\t\t","protected":false},"excerpt":{"rendered":"<p>Qui sommes nous Sandra No\u00ebl J\u2019ai obtenu un dipl\u00f4me d\u2019\u00e9tudes coll\u00e9giales en arts et lettres du c\u00e9gep de Sherbrooke en 1994. En cons\u00e9quence, j\u2019ai une excellente ma\u00eetrise du fran\u00e7ais et un haut niveau de cr\u00e9ativit\u00e9, ce qui me permet de concevoir du mat\u00e9riel p\u00e9dagogique r\u00e9pondant aux besoins sp\u00e9cifiques des jeunes. D\u2019ailleurs, de 2005 \u00e0 2019, [&hellip;]<\/p>\n","protected":false},"author":1,"featured_media":904,"parent":0,"menu_order":0,"comment_status":"closed","ping_status":"closed","template":"","meta":{"footnotes":""},"class_list":["post-506","page","type-page","status-publish","has-post-thumbnail","hentry"],"_links":{"self":[{"href":"https:\/\/sandranoelorthopedagogue.ca\/index.php?rest_route=\/wp\/v2\/pages\/506","targetHints":{"allow":["GET"]}}],"collection":[{"href":"https:\/\/sandranoelorthopedagogue.ca\/index.php?rest_route=\/wp\/v2\/pages"}],"about":[{"href":"https:\/\/sandranoelorthopedagogue.ca\/index.php?rest_route=\/wp\/v2\/types\/page"}],"author":[{"embeddable":true,"href":"https:\/\/sandranoelorthopedagogue.ca\/index.php?rest_route=\/wp\/v2\/users\/1"}],"replies":[{"embeddable":true,"href":"https:\/\/sandranoelorthopedagogue.ca\/index.php?rest_route=%2Fwp%2Fv2%2Fcomments&post=506"}],"version-history":[{"count":110,"href":"https:\/\/sandranoelorthopedagogue.ca\/index.php?rest_route=\/wp\/v2\/pages\/506\/revisions"}],"predecessor-version":[{"id":1126,"href":"https:\/\/sandranoelorthopedagogue.ca\/index.php?rest_route=\/wp\/v2\/pages\/506\/revisions\/1126"}],"wp:featuredmedia":[{"embeddable":true,"href":"https:\/\/sandranoelorthopedagogue.ca\/index.php?rest_route=\/wp\/v2\/media\/904"}],"wp:attachment":[{"href":"https:\/\/sandranoelorthopedagogue.ca\/index.php?rest_route=%2Fwp%2Fv2%2Fmedia&parent=506"}],"curies":[{"name":"wp","href":"https:\/\/api.w.org\/{rel}","templated":true}]}}