{"id":75,"date":"2022-07-27T18:43:05","date_gmt":"2022-07-27T16:43:05","guid":{"rendered":"https:\/\/sandranoelorthopedagogue.ca\/?page_id=75"},"modified":"2022-09-01T00:42:25","modified_gmt":"2022-08-31T22:42:25","slug":"services","status":"publish","type":"page","link":"https:\/\/sandranoelorthopedagogue.ca\/?page_id=75","title":{"rendered":"Services"},"content":{"rendered":"\t\t<div data-elementor-type=\"wp-page\" data-elementor-id=\"75\" class=\"elementor elementor-75\">\n\t\t\t\t\t\t<section class=\"elementor-section elementor-top-section elementor-element elementor-element-3f1e6e35 elementor-section-content-middle elementor-section-boxed elementor-section-height-default elementor-section-height-default exad-glass-effect-no exad-sticky-section-no\" data-id=\"3f1e6e35\" data-element_type=\"section\" data-e-type=\"section\" data-settings=\"{&quot;background_background&quot;:&quot;classic&quot;}\">\n\t\t\t\t\t\t\t<div class=\"elementor-background-overlay\"><\/div>\n\t\t\t\t\t\t\t<div class=\"elementor-container elementor-column-gap-wide\">\n\t\t\t\t\t<div class=\"elementor-column elementor-col-100 elementor-top-column elementor-element elementor-element-7d7279fc exad-glass-effect-no exad-sticky-section-no\" data-id=\"7d7279fc\" data-element_type=\"column\" data-e-type=\"column\">\n\t\t\t<div class=\"elementor-widget-wrap elementor-element-populated\">\n\t\t\t\t\t\t<div class=\"elementor-element elementor-element-34c669de elementor-widget-divider--view-line exad-sticky-section-no exad-glass-effect-no elementor-invisible elementor-widget elementor-widget-divider\" data-id=\"34c669de\" data-element_type=\"widget\" data-e-type=\"widget\" data-settings=\"{&quot;_animation&quot;:&quot;fadeIn&quot;,&quot;_animation_delay&quot;:300}\" data-widget_type=\"divider.default\">\n\t\t\t\t<div class=\"elementor-widget-container\">\n\t\t\t\t\t\t\t<div class=\"elementor-divider\">\n\t\t\t<span class=\"elementor-divider-separator\">\n\t\t\t\t\t\t<\/span>\n\t\t<\/div>\n\t\t\t\t\t\t<\/div>\n\t\t\t\t<\/div>\n\t\t\t\t<div class=\"elementor-element elementor-element-668ae9fa exad-sticky-section-no exad-glass-effect-no elementor-invisible elementor-widget elementor-widget-heading\" data-id=\"668ae9fa\" data-element_type=\"widget\" data-e-type=\"widget\" data-settings=\"{&quot;_animation&quot;:&quot;fadeIn&quot;,&quot;_animation_delay&quot;:150}\" data-widget_type=\"heading.default\">\n\t\t\t\t<div class=\"elementor-widget-container\">\n\t\t\t\t\t<h2 class=\"elementor-heading-title elementor-size-default\">Sandra No\u00ebl orthop\u00e9dagogue offre une vaste gamme de services!\n\n<\/h2>\t\t\t\t<\/div>\n\t\t\t\t<\/div>\n\t\t\t\t<section class=\"elementor-section elementor-inner-section elementor-element elementor-element-6826d53f envato-kit-141-top-0 elementor-section-boxed elementor-section-height-default elementor-section-height-default exad-glass-effect-no exad-sticky-section-no\" data-id=\"6826d53f\" data-element_type=\"section\" data-e-type=\"section\">\n\t\t\t\t\t\t<div class=\"elementor-container elementor-column-gap-default\">\n\t\t\t\t\t<div class=\"elementor-column elementor-col-33 elementor-inner-column elementor-element elementor-element-24cd54c6 exad-glass-effect-no exad-sticky-section-no elementor-invisible\" data-id=\"24cd54c6\" data-element_type=\"column\" data-e-type=\"column\" data-settings=\"{&quot;background_background&quot;:&quot;classic&quot;,&quot;animation&quot;:&quot;fadeIn&quot;,&quot;animation_delay&quot;:100}\">\n\t\t\t<div class=\"elementor-widget-wrap elementor-element-populated\">\n\t\t\t\t\t\t<div class=\"elementor-element elementor-element-5abe6b2b exad-sticky-section-no exad-glass-effect-no elementor-widget elementor-widget-image\" data-id=\"5abe6b2b\" data-element_type=\"widget\" data-e-type=\"widget\" data-widget_type=\"image.default\">\n\t\t\t\t<div class=\"elementor-widget-container\">\n\t\t\t\t\t\t\t\t\t\t\t\t\t\t\t<img decoding=\"async\" src=\"https:\/\/sandranoelorthopedagogue.ca\/wp-content\/uploads\/elementor\/thumbs\/concept-education-ecole-petite-etudiante-etudiant-ecole_380164-95066-ptzsvqydeocu02whpxoiws2er1qzppabvrkq7dmjkw.webp\" title=\"concept-education-ecole-petite-etudiante-etudiant-ecole_380164-95066\" alt=\"concept-education-ecole-petite-etudiante-etudiant-ecole_380164-95066\" loading=\"lazy\" \/>\t\t\t\t\t\t\t\t\t\t\t\t\t\t\t<\/div>\n\t\t\t\t<\/div>\n\t\t\t\t<div class=\"elementor-element elementor-element-790a4135 exad-sticky-section-no exad-glass-effect-no elementor-widget elementor-widget-text-editor\" data-id=\"790a4135\" data-element_type=\"widget\" data-e-type=\"widget\" data-widget_type=\"text-editor.default\">\n\t\t\t\t<div class=\"elementor-widget-container\">\n\t\t\t\t\t\t\t\t\t<p>\u00a0<\/p>\n<p>\u00a0<\/p>\n<p style=\"line-height: 1.8em;\"><span style=\"color: #000000;\">\u00c9valuer les besoins de l\u2019enfant.<\/span><\/p>\t\t\t\t\t\t\t\t<\/div>\n\t\t\t\t<\/div>\n\t\t\t\t\t<\/div>\n\t\t<\/div>\n\t\t\t\t<div class=\"elementor-column elementor-col-33 elementor-inner-column elementor-element elementor-element-7a6fadc3 exad-glass-effect-no exad-sticky-section-no elementor-invisible\" data-id=\"7a6fadc3\" data-element_type=\"column\" data-e-type=\"column\" data-settings=\"{&quot;background_background&quot;:&quot;classic&quot;,&quot;animation&quot;:&quot;fadeIn&quot;,&quot;animation_delay&quot;:200}\">\n\t\t\t<div class=\"elementor-widget-wrap elementor-element-populated\">\n\t\t\t\t\t\t<div class=\"elementor-element elementor-element-596974de exad-sticky-section-no exad-glass-effect-no elementor-widget elementor-widget-image\" data-id=\"596974de\" data-element_type=\"widget\" data-e-type=\"widget\" data-widget_type=\"image.default\">\n\t\t\t\t<div class=\"elementor-widget-container\">\n\t\t\t\t\t\t\t\t\t\t\t\t\t\t\t<img decoding=\"async\" src=\"https:\/\/sandranoelorthopedagogue.ca\/wp-content\/uploads\/elementor\/thumbs\/concept-education-ecole-petite-etudiante-dessinant-ecole_380164-95084-ptxva6dzr2f23qduhvzng1v5tje3n4cc2c838gntls.jpg\" title=\"concept-education-ecole-petite-etudiante-dessinant-ecole_380164-95084\" alt=\"concept-education-ecole-petite-etudiante-dessinant-ecole_380164-95084\" loading=\"lazy\" \/>\t\t\t\t\t\t\t\t\t\t\t\t\t\t\t<\/div>\n\t\t\t\t<\/div>\n\t\t\t\t<div class=\"elementor-element elementor-element-11e87910 exad-sticky-section-no exad-glass-effect-no elementor-widget elementor-widget-text-editor\" data-id=\"11e87910\" data-element_type=\"widget\" data-e-type=\"widget\" data-widget_type=\"text-editor.default\">\n\t\t\t\t<div class=\"elementor-widget-container\">\n\t\t\t\t\t\t\t\t\t<p style=\"text-align: center;\">\u00a0<\/p>\n<p>\u00a0<\/p>\n<p style=\"line-height: 1.8em; text-align: left;\"><span style=\"text-align: justify; color: #000000;\">Mettre en place des interventions r\u00e9\u00e9ducatives personnalis\u00e9es.<\/span><\/p>\n<p>\u00a0<\/p>\n<p>\u00a0<\/p>\t\t\t\t\t\t\t\t<\/div>\n\t\t\t\t<\/div>\n\t\t\t\t\t<\/div>\n\t\t<\/div>\n\t\t\t\t<div class=\"elementor-column elementor-col-33 elementor-inner-column elementor-element elementor-element-64c2a6d0 exad-glass-effect-no exad-sticky-section-no elementor-invisible\" data-id=\"64c2a6d0\" data-element_type=\"column\" data-e-type=\"column\" data-settings=\"{&quot;background_background&quot;:&quot;classic&quot;,&quot;animation&quot;:&quot;fadeIn&quot;,&quot;animation_delay&quot;:300}\">\n\t\t\t<div class=\"elementor-widget-wrap elementor-element-populated\">\n\t\t\t\t\t\t<div class=\"elementor-element elementor-element-6c333096 exad-sticky-section-no exad-glass-effect-no elementor-widget elementor-widget-image\" data-id=\"6c333096\" data-element_type=\"widget\" data-e-type=\"widget\" data-widget_type=\"image.default\">\n\t\t\t\t<div class=\"elementor-widget-container\">\n\t\t\t\t\t\t\t\t\t\t\t\t\t\t\t<img decoding=\"async\" src=\"https:\/\/sandranoelorthopedagogue.ca\/wp-content\/uploads\/elementor\/thumbs\/concept-education-ecole-technologie-internet-petite-etudiante-lunettes-noires-ordinateur-tablette-doigt-le-ptzsvvnkcuj9m4pnyhpnr8vppz3ts6szkeu5lrfkps.webp\" title=\"concept-education-ecole-technologie-internet-petite-etudiante-lunettes-noires-ordinateur-tablette-doigt-le\" alt=\"concept-education-ecole-technologie-internet-petite-etudiante-lunettes-noires-ordinateur-tablette-doigt-le\" loading=\"lazy\" \/>\t\t\t\t\t\t\t\t\t\t\t\t\t\t\t<\/div>\n\t\t\t\t<\/div>\n\t\t\t\t<div class=\"elementor-element elementor-element-7ae331ef exad-sticky-section-no exad-glass-effect-no elementor-widget elementor-widget-text-editor\" data-id=\"7ae331ef\" data-element_type=\"widget\" data-e-type=\"widget\" data-widget_type=\"text-editor.default\">\n\t\t\t\t<div class=\"elementor-widget-container\">\n\t\t\t\t\t\t\t\t\t<p>\u00a0<\/p>\n<p>\u00a0<\/p>\n<p style=\"line-height: 1.8em;\"><span style=\"text-align: justify; color: #000000;\">Offrir un suivi individuel, afin de permettre \u00e0 chacun de progresser \u00e0 son rythme.<\/span><\/p>\t\t\t\t\t\t\t\t<\/div>\n\t\t\t\t<\/div>\n\t\t\t\t\t<\/div>\n\t\t<\/div>\n\t\t\t\t\t<\/div>\n\t\t<\/section>\n\t\t\t\t<section class=\"elementor-section elementor-inner-section elementor-element elementor-element-3f4d15d envato-kit-141-top-0 elementor-section-boxed elementor-section-height-default elementor-section-height-default exad-glass-effect-no exad-sticky-section-no\" data-id=\"3f4d15d\" data-element_type=\"section\" data-e-type=\"section\">\n\t\t\t\t\t\t<div class=\"elementor-container elementor-column-gap-default\">\n\t\t\t\t\t<div class=\"elementor-column elementor-col-100 elementor-inner-column elementor-element elementor-element-1749947 exad-glass-effect-no exad-sticky-section-no\" data-id=\"1749947\" data-element_type=\"column\" data-e-type=\"column\" data-settings=\"{&quot;background_background&quot;:&quot;classic&quot;}\">\n\t\t\t<div class=\"elementor-widget-wrap elementor-element-populated\">\n\t\t\t\t\t<div class=\"elementor-background-overlay\"><\/div>\n\t\t\t\t\t\t<div class=\"elementor-element elementor-element-4ebc4d4 elementor-view-stacked elementor-shape-circle exad-sticky-section-no exad-glass-effect-no elementor-widget elementor-widget-icon\" data-id=\"4ebc4d4\" data-element_type=\"widget\" data-e-type=\"widget\" data-widget_type=\"icon.default\">\n\t\t\t\t<div class=\"elementor-widget-container\">\n\t\t\t\t\t\t\t<div class=\"elementor-icon-wrapper\">\n\t\t\t<div class=\"elementor-icon\">\n\t\t\t<i aria-hidden=\"true\" class=\"remixicon ri-time-fill\"><\/i>\t\t\t<\/div>\n\t\t<\/div>\n\t\t\t\t\t\t<\/div>\n\t\t\t\t<\/div>\n\t\t\t\t<div class=\"elementor-element elementor-element-b0e579d exad-sticky-section-no exad-glass-effect-no elementor-widget elementor-widget-heading\" data-id=\"b0e579d\" data-element_type=\"widget\" data-e-type=\"widget\" data-widget_type=\"heading.default\">\n\t\t\t\t<div class=\"elementor-widget-container\">\n\t\t\t\t\t<h3 class=\"elementor-heading-title elementor-size-default\">HORAIRE<\/h3>\t\t\t\t<\/div>\n\t\t\t\t<\/div>\n\t\t\t\t<div class=\"elementor-element elementor-element-a22660b exad-sticky-section-no exad-glass-effect-no elementor-widget elementor-widget-text-editor\" data-id=\"a22660b\" data-element_type=\"widget\" data-e-type=\"widget\" data-widget_type=\"text-editor.default\">\n\t\t\t\t<div class=\"elementor-widget-container\">\n\t\t\t\t\t\t\t\t\t<ul style=\"line-height:1.8em;\">\n<li style=\"text-align: left;\" ><span style=\"color: #000000;\"><strong>Du lundi au jeudi :<\/strong> de 17h00 \u00e0 20h30<\/span><\/li>\n<li style=\"text-align: left;\"><span style=\"color: #000000;\"><strong>Le vendredi :<\/strong> il n\u2019y a aucun service<\/span><\/li>\n<li style=\"text-align: left;\"><span style=\"color: #000000;\"><strong>Le samedi :<\/strong> de 8:00 \u00e0 17:00<\/span><\/li>\n<li style=\"text-align: justify;\"><span style=\"line-height:1.8em;\"><span style=\"color: #000000;\"><strong>Le dimanche :<\/strong> il n\u2019y a pas de services \u00e0 l\u2019enfant, mais je suis disponible pour des conversations via courriel et des rendez-vous t\u00e9l\u00e9phoniques ou virtuels avec les parents.<\/span><\/li>\n<\/ul>\t\t\t\t\t\t\t\t<\/div>\n\t\t\t\t<\/div>\n\t\t\t\t\t<\/div>\n\t\t<\/div>\n\t\t\t\t\t<\/div>\n\t\t<\/section>\n\t\t\t\t<section class=\"elementor-section elementor-inner-section elementor-element elementor-element-598f0bc envato-kit-141-top-0 elementor-section-boxed elementor-section-height-default elementor-section-height-default exad-glass-effect-no exad-sticky-section-no\" data-id=\"598f0bc\" data-element_type=\"section\" data-e-type=\"section\">\n\t\t\t\t\t\t<div class=\"elementor-container elementor-column-gap-default\">\n\t\t\t\t\t<div class=\"elementor-column elementor-col-100 elementor-inner-column elementor-element elementor-element-8d5284b exad-glass-effect-no exad-sticky-section-no\" data-id=\"8d5284b\" data-element_type=\"column\" data-e-type=\"column\" data-settings=\"{&quot;background_background&quot;:&quot;classic&quot;}\">\n\t\t\t<div class=\"elementor-widget-wrap elementor-element-populated\">\n\t\t\t\t\t<div class=\"elementor-background-overlay\"><\/div>\n\t\t\t\t\t\t<div class=\"elementor-element elementor-element-d519120 elementor-view-stacked elementor-shape-circle exad-sticky-section-no exad-glass-effect-no elementor-widget elementor-widget-icon\" data-id=\"d519120\" data-element_type=\"widget\" data-e-type=\"widget\" data-widget_type=\"icon.default\">\n\t\t\t\t<div class=\"elementor-widget-container\">\n\t\t\t\t\t\t\t<div class=\"elementor-icon-wrapper\">\n\t\t\t<div class=\"elementor-icon\">\n\t\t\t<i aria-hidden=\"true\" class=\"fas fa-child\"><\/i>\t\t\t<\/div>\n\t\t<\/div>\n\t\t\t\t\t\t<\/div>\n\t\t\t\t<\/div>\n\t\t\t\t<div class=\"elementor-element elementor-element-c2d2853 exad-sticky-section-no exad-glass-effect-no elementor-widget elementor-widget-heading\" data-id=\"c2d2853\" data-element_type=\"widget\" data-e-type=\"widget\" data-widget_type=\"heading.default\">\n\t\t\t\t<div class=\"elementor-widget-container\">\n\t\t\t\t\t<h3 class=\"elementor-heading-title elementor-size-default\">RENCONTRES<\/h3>\t\t\t\t<\/div>\n\t\t\t\t<\/div>\n\t\t\t\t<div class=\"elementor-element elementor-element-1c85bc1 exad-sticky-section-no exad-glass-effect-no elementor-widget elementor-widget-text-editor\" data-id=\"1c85bc1\" data-element_type=\"widget\" data-e-type=\"widget\" data-widget_type=\"text-editor.default\">\n\t\t\t\t<div class=\"elementor-widget-container\">\n\t\t\t\t\t\t\t\t\t<ul>\n<li style=\"text-align: left;\"><span style=\"color: #000000;\">Selon une plage horaire pr\u00e9cise et fixe (durant un an)<\/span><\/li>\n<li style=\"text-align: left;\"><span style=\"color: #000000;\">En individuelle seulement<\/span><\/li>\n<li style=\"text-align: left;\"><span style=\"color: #000000;\">D\u2019une dur\u00e9e d\u2019une heure<\/span><\/li>\n<li style=\"text-align: left;\"><span style=\"color: #000000;\">Une fois par semaine ou une fois aux deux semaines<\/span><\/li>\n<li style=\"text-align: left;\"><span style=\"color: #000000;\"><strong>Modes de paiement :<\/strong> argent comptant ou ch\u00e8que<\/span><\/li>\n<\/ul>\t\t\t\t\t\t\t\t<\/div>\n\t\t\t\t<\/div>\n\t\t\t\t\t<\/div>\n\t\t<\/div>\n\t\t\t\t\t<\/div>\n\t\t<\/section>\n\t\t\t\t\t<\/div>\n\t\t<\/div>\n\t\t\t\t\t<\/div>\n\t\t<\/section>\n\t\t\t\t<\/div>\n\t\t","protected":false},"excerpt":{"rendered":"<p>Sandra No\u00ebl orthop\u00e9dagogue offre une vaste gamme de services! \u00a0 \u00a0 \u00c9valuer les besoins de l\u2019enfant. \u00a0 \u00a0 Mettre en place des interventions r\u00e9\u00e9ducatives personnalis\u00e9es. \u00a0 \u00a0 \u00a0 \u00a0 Offrir un suivi individuel, afin de permettre \u00e0 chacun de progresser \u00e0 son rythme. HORAIRE Du lundi au jeudi : de 17h00 \u00e0 20h30 Le vendredi [&hellip;]<\/p>\n","protected":false},"author":1,"featured_media":904,"parent":0,"menu_order":0,"comment_status":"closed","ping_status":"closed","template":"","meta":{"footnotes":""},"class_list":["post-75","page","type-page","status-publish","has-post-thumbnail","hentry"],"_links":{"self":[{"href":"https:\/\/sandranoelorthopedagogue.ca\/index.php?rest_route=\/wp\/v2\/pages\/75","targetHints":{"allow":["GET"]}}],"collection":[{"href":"https:\/\/sandranoelorthopedagogue.ca\/index.php?rest_route=\/wp\/v2\/pages"}],"about":[{"href":"https:\/\/sandranoelorthopedagogue.ca\/index.php?rest_route=\/wp\/v2\/types\/page"}],"author":[{"embeddable":true,"href":"https:\/\/sandranoelorthopedagogue.ca\/index.php?rest_route=\/wp\/v2\/users\/1"}],"replies":[{"embeddable":true,"href":"https:\/\/sandranoelorthopedagogue.ca\/index.php?rest_route=%2Fwp%2Fv2%2Fcomments&post=75"}],"version-history":[{"count":37,"href":"https:\/\/sandranoelorthopedagogue.ca\/index.php?rest_route=\/wp\/v2\/pages\/75\/revisions"}],"predecessor-version":[{"id":1102,"href":"https:\/\/sandranoelorthopedagogue.ca\/index.php?rest_route=\/wp\/v2\/pages\/75\/revisions\/1102"}],"wp:featuredmedia":[{"embeddable":true,"href":"https:\/\/sandranoelorthopedagogue.ca\/index.php?rest_route=\/wp\/v2\/media\/904"}],"wp:attachment":[{"href":"https:\/\/sandranoelorthopedagogue.ca\/index.php?rest_route=%2Fwp%2Fv2%2Fmedia&parent=75"}],"curies":[{"name":"wp","href":"https:\/\/api.w.org\/{rel}","templated":true}]}}